{"id":145,"date":"2024-04-29T12:11:24","date_gmt":"2024-04-29T12:11:24","guid":{"rendered":"https:\/\/dezillie.webproducten.eu\/?page_id=145"},"modified":"2025-12-12T12:11:36","modified_gmt":"2025-12-12T12:11:36","slug":"home","status":"publish","type":"page","link":"https:\/\/dezillie.com\/fr\/","title":{"rendered":"Bougies religieuses"},"content":{"rendered":"<p>[et_pb_section fb_built=\u00a0\u00bb1&Prime; admin_label=\u00a0\u00bbsection\u00a0\u00bb _builder_version=\u00a0\u00bb4.27.4&Prime; background_color=\u00a0\u00bb#ffffff\u00a0\u00bb global_colors_info=\u00a0\u00bb{}\u00a0\u00bb][et_pb_row _builder_version=\u00a0\u00bb4.27.5&Prime; _module_preset=\u00a0\u00bbdefault\u00a0\u00bb global_colors_info=\u00a0\u00bb{}\u00a0\u00bb][et_pb_column type=\u00a0\u00bb4_4&Prime; _builder_version=\u00a0\u00bb4.27.5&Prime; _module_preset=\u00a0\u00bbdefault\u00a0\u00bb global_colors_info=\u00a0\u00bb{}\u00a0\u00bb][et_pb_text _builder_version=\u00a0\u00bb4.27.5&Prime; _module_preset=\u00a0\u00bbdefault\u00a0\u00bb global_colors_info=\u00a0\u00bb{}\u00a0\u00bb]<\/p>\n<h1><strong>Bienvenue sur notre site web de bougies religieuses<\/strong><\/h1>\n<p>[\/et_pb_text][\/et_pb_column][\/et_pb_row][et_pb_row _builder_version=\u00a0\u00bb4.27.5&Prime; _module_preset=\u00a0\u00bbdefault\u00a0\u00bb global_colors_info=\u00a0\u00bb{}\u00a0\u00bb][et_pb_column type=\u00a0\u00bb4_4&Prime; _builder_version=\u00a0\u00bb4.27.5&Prime; _module_preset=\u00a0\u00bbdefault\u00a0\u00bb global_colors_info=\u00a0\u00bb{}\u00a0\u00bb][et_pb_text _builder_version=\u00a0\u00bb4.27.5&Prime; _module_preset=\u00a0\u00bbdefault\u00a0\u00bb global_colors_info=\u00a0\u00bb{}\u00a0\u00bb]<\/p>\n<h2>D\u00e9couvrez notre assortiment de bougies de qualit\u00e9 pour la pri\u00e8re, la comm\u00e9moration et la m\u00e9ditation.<\/h2>\n<h2><\/h2>\n<h2>N&rsquo;h\u00e9sitez pas \u00e0 parcourir notre collection et \u00e0 nous contacter si vous avez des questions. <\/h2>\n<p>&nbsp;<\/p>\n<p>[\/et_pb_text][\/et_pb_column][\/et_pb_row][et_pb_row _builder_version=\u00a0\u00bb4.27.5&Prime; _module_preset=\u00a0\u00bbdefault\u00a0\u00bb global_colors_info=\u00a0\u00bb{}\u00a0\u00bb][et_pb_column type=\u00a0\u00bb4_4&Prime; _builder_version=\u00a0\u00bb4.27.5&Prime; _module_preset=\u00a0\u00bbdefault\u00a0\u00bb global_colors_info=\u00a0\u00bb{}\u00a0\u00bb][et_pb_image src=\u00a0\u00bbhttps:\/\/dezillie.com\/wp-content\/uploads\/2024\/04\/dezilliefotofabriek_942_633-1.jpg\u00a0\u00bb title_text=\u00a0\u00bbdezilliefotofabriek_942_633&Prime; force_fullwidth=\u00a0\u00bbon\u00a0\u00bb _builder_version=\u00a0\u00bb4.27.5&Prime; _module_preset=\u00a0\u00bbdefault\u00a0\u00bb global_colors_info=\u00a0\u00bb{}\u00a0\u00bb][\/et_pb_image][\/et_pb_column][\/et_pb_row][\/et_pb_section]<\/p>\n","protected":false},"excerpt":{"rendered":"<p>Bienvenue sur notre site web de bougies religieusesD\u00e9couvrez notre assortiment de bougies de qualit\u00e9 pour la pri\u00e8re, la comm\u00e9moration et la m\u00e9ditation. N&rsquo;h\u00e9sitez pas \u00e0 parcourir notre collection et \u00e0 nous contacter si vous avez des questions. &nbsp;<\/p>\n","protected":false},"author":1,"featured_media":0,"parent":0,"menu_order":0,"comment_status":"closed","ping_status":"closed","template":"","meta":{"_et_pb_use_builder":"on","_et_pb_old_content":"","_et_gb_content_width":"","footnotes":""},"class_list":["post-145","page","type-page","status-publish","hentry"],"yoast_head":"<!-- This site is optimized with the Yoast SEO plugin v26.6 - https:\/\/yoast.com\/wordpress\/plugins\/seo\/ -->\n<title>Bougies religieuses - Dezillie<\/title>\n<meta name=\"description\" content=\"Bienvenue sur notre site web d\u00e9di\u00e9 aux bougies religieuses. D\u00e9couvrez notre assortiment de bougies de qualit\u00e9 pour la pri\u00e8re, la comm\u00e9moration et la m\u00e9ditation. N&#039;h\u00e9sitez pas \u00e0 parcourir notre collection et \u00e0 nous contacter pour toute question.\" \/>\n<meta name=\"robots\" content=\"index, follow, max-snippet:-1, max-image-preview:large, max-video-preview:-1\" \/>\n<link rel=\"canonical\" href=\"https:\/\/dezillie.com\/\" \/>\n<meta property=\"og:locale\" content=\"fr_FR\" \/>\n<meta property=\"og:type\" content=\"article\" \/>\n<meta property=\"og:title\" content=\"Bougies religieuses - Dezillie\" \/>\n<meta property=\"og:description\" content=\"Bienvenue sur notre site web d\u00e9di\u00e9 aux bougies religieuses. D\u00e9couvrez notre assortiment de bougies de qualit\u00e9 pour la pri\u00e8re, la comm\u00e9moration et la m\u00e9ditation. N&#039;h\u00e9sitez pas \u00e0 parcourir notre collection et \u00e0 nous contacter pour toute question.\" \/>\n<meta property=\"og:url\" content=\"https:\/\/dezillie.com\/\" \/>\n<meta property=\"og:site_name\" content=\"Dezillie\" \/>\n<meta property=\"article:modified_time\" content=\"2025-12-12T12:11:36+00:00\" \/>\n<meta name=\"twitter:card\" content=\"summary_large_image\" \/>\n<meta name=\"twitter:label1\" content=\"Dur\u00e9e de lecture estim\u00e9e\" \/>\n\t<meta name=\"twitter:data1\" content=\"1 minute\" \/>\n<script type=\"application\/ld+json\" class=\"yoast-schema-graph\">{\"@context\":\"https:\/\/schema.org\",\"@graph\":[{\"@type\":\"WebPage\",\"@id\":\"https:\/\/dezillie.com\/\",\"url\":\"https:\/\/dezillie.com\/\",\"name\":\"Bougies religieuses - Dezillie\",\"isPartOf\":{\"@id\":\"https:\/\/dezillie.com\/#website\"},\"datePublished\":\"2024-04-29T12:11:24+00:00\",\"dateModified\":\"2025-12-12T12:11:36+00:00\",\"description\":\"Bienvenue sur notre site web d\u00e9di\u00e9 aux bougies religieuses. D\u00e9couvrez notre assortiment de bougies de qualit\u00e9 pour la pri\u00e8re, la comm\u00e9moration et la m\u00e9ditation. N'h\u00e9sitez pas \u00e0 parcourir notre collection et \u00e0 nous contacter pour toute question.\",\"breadcrumb\":{\"@id\":\"https:\/\/dezillie.com\/#breadcrumb\"},\"inLanguage\":\"fr-FR\",\"potentialAction\":[{\"@type\":\"ReadAction\",\"target\":[\"https:\/\/dezillie.com\/\"]}]},{\"@type\":\"BreadcrumbList\",\"@id\":\"https:\/\/dezillie.com\/#breadcrumb\",\"itemListElement\":[{\"@type\":\"ListItem\",\"position\":1,\"name\":\"Home\",\"item\":\"https:\/\/dezillie.com\/\"},{\"@type\":\"ListItem\",\"position\":2,\"name\":\"Bougies religieuses\"}]},{\"@type\":\"WebSite\",\"@id\":\"https:\/\/dezillie.com\/#website\",\"url\":\"https:\/\/dezillie.com\/\",\"name\":\"Kaarsen Dezillie\",\"description\":\"Kaarsenfabriek Lokeren\",\"publisher\":{\"@id\":\"https:\/\/dezillie.com\/#organization\"},\"potentialAction\":[{\"@type\":\"SearchAction\",\"target\":{\"@type\":\"EntryPoint\",\"urlTemplate\":\"https:\/\/dezillie.com\/?s={search_term_string}\"},\"query-input\":{\"@type\":\"PropertyValueSpecification\",\"valueRequired\":true,\"valueName\":\"search_term_string\"}}],\"inLanguage\":\"fr-FR\"},{\"@type\":\"Organization\",\"@id\":\"https:\/\/dezillie.com\/#organization\",\"name\":\"Kaarsen Dezillie\",\"url\":\"https:\/\/dezillie.com\/\",\"logo\":{\"@type\":\"ImageObject\",\"inLanguage\":\"fr-FR\",\"@id\":\"https:\/\/dezillie.com\/#\/schema\/logo\/image\/\",\"url\":\"https:\/\/dezillie.com\/wp-content\/uploads\/2024\/04\/dezillielogo6_406_121.png\",\"contentUrl\":\"https:\/\/dezillie.com\/wp-content\/uploads\/2024\/04\/dezillielogo6_406_121.png\",\"width\":406,\"height\":121,\"caption\":\"Kaarsen Dezillie\"},\"image\":{\"@id\":\"https:\/\/dezillie.com\/#\/schema\/logo\/image\/\"}}]}<\/script>\n<!-- \/ Yoast SEO plugin. -->","yoast_head_json":{"title":"Bougies religieuses - Dezillie","description":"Bienvenue sur notre site web d\u00e9di\u00e9 aux bougies religieuses. D\u00e9couvrez notre assortiment de bougies de qualit\u00e9 pour la pri\u00e8re, la comm\u00e9moration et la m\u00e9ditation. N'h\u00e9sitez pas \u00e0 parcourir notre collection et \u00e0 nous contacter pour toute question.","robots":{"index":"index","follow":"follow","max-snippet":"max-snippet:-1","max-image-preview":"max-image-preview:large","max-video-preview":"max-video-preview:-1"},"canonical":"https:\/\/dezillie.com\/","og_locale":"fr_FR","og_type":"article","og_title":"Bougies religieuses - Dezillie","og_description":"Bienvenue sur notre site web d\u00e9di\u00e9 aux bougies religieuses. D\u00e9couvrez notre assortiment de bougies de qualit\u00e9 pour la pri\u00e8re, la comm\u00e9moration et la m\u00e9ditation. N'h\u00e9sitez pas \u00e0 parcourir notre collection et \u00e0 nous contacter pour toute question.","og_url":"https:\/\/dezillie.com\/","og_site_name":"Dezillie","article_modified_time":"2025-12-12T12:11:36+00:00","twitter_card":"summary_large_image","twitter_misc":{"Dur\u00e9e de lecture estim\u00e9e":"1 minute"},"schema":{"@context":"https:\/\/schema.org","@graph":[{"@type":"WebPage","@id":"https:\/\/dezillie.com\/","url":"https:\/\/dezillie.com\/","name":"Bougies religieuses - Dezillie","isPartOf":{"@id":"https:\/\/dezillie.com\/#website"},"datePublished":"2024-04-29T12:11:24+00:00","dateModified":"2025-12-12T12:11:36+00:00","description":"Bienvenue sur notre site web d\u00e9di\u00e9 aux bougies religieuses. D\u00e9couvrez notre assortiment de bougies de qualit\u00e9 pour la pri\u00e8re, la comm\u00e9moration et la m\u00e9ditation. N'h\u00e9sitez pas \u00e0 parcourir notre collection et \u00e0 nous contacter pour toute question.","breadcrumb":{"@id":"https:\/\/dezillie.com\/#breadcrumb"},"inLanguage":"fr-FR","potentialAction":[{"@type":"ReadAction","target":["https:\/\/dezillie.com\/"]}]},{"@type":"BreadcrumbList","@id":"https:\/\/dezillie.com\/#breadcrumb","itemListElement":[{"@type":"ListItem","position":1,"name":"Home","item":"https:\/\/dezillie.com\/"},{"@type":"ListItem","position":2,"name":"Bougies religieuses"}]},{"@type":"WebSite","@id":"https:\/\/dezillie.com\/#website","url":"https:\/\/dezillie.com\/","name":"Kaarsen Dezillie","description":"Kaarsenfabriek Lokeren","publisher":{"@id":"https:\/\/dezillie.com\/#organization"},"potentialAction":[{"@type":"SearchAction","target":{"@type":"EntryPoint","urlTemplate":"https:\/\/dezillie.com\/?s={search_term_string}"},"query-input":{"@type":"PropertyValueSpecification","valueRequired":true,"valueName":"search_term_string"}}],"inLanguage":"fr-FR"},{"@type":"Organization","@id":"https:\/\/dezillie.com\/#organization","name":"Kaarsen Dezillie","url":"https:\/\/dezillie.com\/","logo":{"@type":"ImageObject","inLanguage":"fr-FR","@id":"https:\/\/dezillie.com\/#\/schema\/logo\/image\/","url":"https:\/\/dezillie.com\/wp-content\/uploads\/2024\/04\/dezillielogo6_406_121.png","contentUrl":"https:\/\/dezillie.com\/wp-content\/uploads\/2024\/04\/dezillielogo6_406_121.png","width":406,"height":121,"caption":"Kaarsen Dezillie"},"image":{"@id":"https:\/\/dezillie.com\/#\/schema\/logo\/image\/"}}]}},"_links":{"self":[{"href":"https:\/\/dezillie.com\/fr\/wp-json\/wp\/v2\/pages\/145","targetHints":{"allow":["GET"]}}],"collection":[{"href":"https:\/\/dezillie.com\/fr\/wp-json\/wp\/v2\/pages"}],"about":[{"href":"https:\/\/dezillie.com\/fr\/wp-json\/wp\/v2\/types\/page"}],"author":[{"embeddable":true,"href":"https:\/\/dezillie.com\/fr\/wp-json\/wp\/v2\/users\/1"}],"replies":[{"embeddable":true,"href":"https:\/\/dezillie.com\/fr\/wp-json\/wp\/v2\/comments?post=145"}],"version-history":[{"count":18,"href":"https:\/\/dezillie.com\/fr\/wp-json\/wp\/v2\/pages\/145\/revisions"}],"predecessor-version":[{"id":633,"href":"https:\/\/dezillie.com\/fr\/wp-json\/wp\/v2\/pages\/145\/revisions\/633"}],"wp:attachment":[{"href":"https:\/\/dezillie.com\/fr\/wp-json\/wp\/v2\/media?parent=145"}],"curies":[{"name":"wp","href":"https:\/\/api.w.org\/{rel}","templated":true}]}}