{"id":432,"date":"2024-04-29T12:12:36","date_gmt":"2024-04-29T12:12:36","guid":{"rendered":"https:\/\/webwinkel.dezillie.com\/cierges-dautel\/"},"modified":"2025-12-05T16:23:04","modified_gmt":"2025-12-05T16:23:04","slug":"cierges-dautel","status":"publish","type":"page","link":"https:\/\/dezillie.com\/fr\/cierges-dautel\/","title":{"rendered":"Cierges d&rsquo;autel"},"content":{"rendered":"<p>[et_pb_section fb_built=\u00a0\u00bb1&Prime; admin_label=\u00a0\u00bbsection\u00a0\u00bb _builder_version=\u00a0\u00bb3.0.47&Prime;][et_pb_row admin_label=\u00a0\u00bbrow\u00a0\u00bb _builder_version=\u00a0\u00bb3.0.47&Prime; background_size=\u00a0\u00bbinitial\u00a0\u00bb background_position=\u00a0\u00bbtop_left\u00a0\u00bb background_repeat=\u00a0\u00bbrepeat\u00a0\u00bb][et_pb_column type=\u00a0\u00bb4_4&Prime; _builder_version=\u00a0\u00bb3.0.47&Prime; parallax=\u00a0\u00bboff\u00a0\u00bb parallax_method=\u00a0\u00bbon\u00a0\u00bb][et_pb_text admin_label=\u00a0\u00bbText\u00a0\u00bb _builder_version=\u00a0\u00bb3.5.1&Prime; background_size=\u00a0\u00bbinitial\u00a0\u00bb background_position=\u00a0\u00bbtop_left\u00a0\u00bb background_repeat=\u00a0\u00bbrepeat\u00a0\u00bb header_font_size=\u00a0\u00bb40px\u00a0\u00bb border_radii=\u00a0\u00bbon|5px|5px|5px|5px\u00a0\u00bb header_font=\u00a0\u00bb|700|||||||\u00a0\u00bb background_color=\u00a0\u00bb#e2e2e2&Prime; custom_padding=\u00a0\u00bb9px|11px|4px|11px|false|true\u00a0\u00bb]<\/p>\n<h1>Cierges d&rsquo;autel<\/h1>\n<p>[\/et_pb_text][\/et_pb_column][\/et_pb_row][et_pb_row _builder_version=\u00a0\u00bb3.5.1&Prime;][et_pb_column type=\u00a0\u00bb1_2&Prime; _builder_version=\u00a0\u00bb3.5.1&Prime; parallax=\u00a0\u00bboff\u00a0\u00bb parallax_method=\u00a0\u00bbon\u00a0\u00bb][et_pb_image src=\u00a0\u00bbhttps:\/\/dezillie.com\/wp-content\/uploads\/2024\/04\/dezilliealtaarkaarsen_499_429.jpg\u00a0\u00bb _builder_version=\u00a0\u00bb3.5.1&Prime;][\/et_pb_image][\/et_pb_column][et_pb_column type=\u00a0\u00bb1_2&Prime; _builder_version=\u00a0\u00bb3.5.1&Prime; parallax=\u00a0\u00bboff\u00a0\u00bb parallax_method=\u00a0\u00bbon\u00a0\u00bb][et_pb_text _builder_version=\u00a0\u00bb3.5.1&Prime;]<\/p>\n<table width=\"311\" height=\"212\">\n<tbody>\n<tr>\n<td style=\"width: 96.3125px;\"><strong>Diam\u00e8tre<\/strong><\/td>\n<td style=\"width: 96.3125px;\"><strong>Longueur<\/strong><\/td>\n<td style=\"width: 96.375px;\"><strong>Ref\u00e9rence<\/strong><\/td>\n<\/tr>\n<tr>\n<td style=\"width: 96.3125px;\">30 mm.<\/td>\n<td style=\"width: 96.3125px;\">300 mm.<br \/>\n400 mm.<br \/>600 mm.<\/td>\n<p><\/p>\n<td style=\"width: 96.375px;\">KST30300<br \/>KST30400<br \/>KST30600<\/td>\n<\/tr>\n<tr>\n<td style=\"width: 96.3125px;\">40 mm.<\/td>\n<td style=\"width: 96.3125px;\">200 mm.<br \/>\n300 mm.<br \/>400 mm.<br \/>600 mm.<\/td>\n<p><\/p>\n<td style=\"width: 96.375px;\">KST40200<br \/>KST40300<br \/>KST40400<br \/>KST40600<\/td>\n<\/tr>\n<tr>\n<td style=\"width: 96.3125px;\">50 mm.<\/td>\n<td style=\"width: 96.3125px;\">200 mm.<br \/>\n300 mm.<br \/>400 mm.<br \/>600 mm.<\/td>\n<p><\/p>\n<td style=\"width: 96.375px;\">KST50200<br \/>KST50300<br \/>KST50400<br \/>KST50600<\/td>\n<\/tr>\n<tr>\n<td style=\"width: 96.3125px;\">60 mm.<\/td>\n<td style=\"width: 96.3125px;\">200 mm.<br \/>\n300 mm.<br \/>400 mm.<br \/>600 mm.<br \/>800 mm.<\/td>\n<p><\/p>\n<td style=\"width: 96.375px;\">KST60200<br \/>KST60300<br \/>KST60400<br \/>KST60600<br \/>KST60800<\/td>\n<\/tr>\n<tr>\n<td style=\"width: 96.3125px;\">70 mm.<\/td>\n<td style=\"width: 96.3125px;\">200 mm.<br \/>\n300 mm.<br \/>400 mm.<br \/>600 mm.<br \/>800 mm.<\/td>\n<p><\/p>\n<td style=\"width: 96.375px;\">KST70200<br \/>KST70300<br \/>KST70400<br \/>KST70600<br \/>KST70800<\/td>\n<\/tr>\n<tr>\n<td style=\"width: 96.3125px;\">80 mm.<\/td>\n<td style=\"width: 96.3125px;\">200 mm.<br \/>\n300 mm.<br \/>400 mm.<br \/>600 mm.<br \/>800 mm.<\/td>\n<p><\/p>\n<td style=\"width: 96.375px;\">KST80200<br \/>KST80300<br \/>KST80400<br \/>KST80600<br \/>KST80800<\/td>\n<\/tr>\n<\/tbody>\n<\/table>\n<p>[\/et_pb_text][\/et_pb_column][\/et_pb_row][\/et_pb_section]<\/p>\n","protected":false},"excerpt":{"rendered":"<p>Cierges d&rsquo;autel Diam\u00e8tre Longueur Ref\u00e9rence 30 mm. 300 mm. 400 mm.600 mm.KST30300KST30400KST30600 40 mm. 200 mm. 300 mm.400 mm.600 mm.KST40200KST40300KST40400KST40600 50 mm. 200 mm. 300 mm.400 mm.600 mm.KST50200KST50300KST50400KST50600 60 mm. 200 mm. 300 mm.400 mm.600 mm.800 mm.KST60200KST60300KST60400KST60600KST60800 70 mm. 200 mm. 300 mm.400 mm.600 mm.800 mm.KST70200KST70300KST70400KST70600KST70800 80 mm. 200 mm. 300 mm.400 mm.600 mm.800 mm.KST80200KST80300KST80400KST80600KST80800<\/p>\n","protected":false},"author":1,"featured_media":0,"parent":0,"menu_order":0,"comment_status":"closed","ping_status":"closed","template":"","meta":{"_et_pb_use_builder":"on","_et_pb_old_content":"","_et_gb_content_width":"","footnotes":""},"class_list":["post-432","page","type-page","status-publish","hentry"],"yoast_head":"<!-- This site is optimized with the Yoast SEO plugin v26.6 - https:\/\/yoast.com\/wordpress\/plugins\/seo\/ -->\n<title>Cierges d&#039;autel - Dezillie<\/title>\n<meta name=\"description\" content=\"D\u00e9couvrez nos bougies d&#039;autel de haute qualit\u00e9 avec une longue dur\u00e9e de combustion et une flamme claire. Parfaites pour les \u00e9glises, les rituels et les moments d&#039;ambiance. Commandez d\u00e8s aujourd&#039;hui !\" \/>\n<meta name=\"robots\" content=\"index, follow, max-snippet:-1, max-image-preview:large, max-video-preview:-1\" \/>\n<link rel=\"canonical\" href=\"https:\/\/dezillie.com\/cierges-dautel\/?lang=fr\" \/>\n<meta property=\"og:locale\" content=\"fr_FR\" \/>\n<meta property=\"og:type\" content=\"article\" \/>\n<meta property=\"og:title\" content=\"Cierges d&#039;autel - Dezillie\" \/>\n<meta property=\"og:description\" content=\"D\u00e9couvrez nos bougies d&#039;autel de haute qualit\u00e9 avec une longue dur\u00e9e de combustion et une flamme claire. Parfaites pour les \u00e9glises, les rituels et les moments d&#039;ambiance. Commandez d\u00e8s aujourd&#039;hui !\" \/>\n<meta property=\"og:url\" content=\"https:\/\/dezillie.com\/cierges-dautel\/?lang=fr\" \/>\n<meta property=\"og:site_name\" content=\"Dezillie\" \/>\n<meta property=\"article:modified_time\" content=\"2025-12-05T16:23:04+00:00\" \/>\n<meta name=\"twitter:card\" content=\"summary_large_image\" \/>\n<meta name=\"twitter:label1\" content=\"Dur\u00e9e de lecture estim\u00e9e\" \/>\n\t<meta name=\"twitter:data1\" content=\"1 minute\" \/>\n<script type=\"application\/ld+json\" class=\"yoast-schema-graph\">{\"@context\":\"https:\/\/schema.org\",\"@graph\":[{\"@type\":\"WebPage\",\"@id\":\"https:\/\/dezillie.com\/cierges-dautel\/?lang=fr\",\"url\":\"https:\/\/dezillie.com\/cierges-dautel\/?lang=fr\",\"name\":\"Cierges d'autel - Dezillie\",\"isPartOf\":{\"@id\":\"https:\/\/dezillie.com\/#website\"},\"datePublished\":\"2024-04-29T12:12:36+00:00\",\"dateModified\":\"2025-12-05T16:23:04+00:00\",\"description\":\"D\u00e9couvrez nos bougies d'autel de haute qualit\u00e9 avec une longue dur\u00e9e de combustion et une flamme claire. Parfaites pour les \u00e9glises, les rituels et les moments d'ambiance. Commandez d\u00e8s aujourd'hui !\",\"breadcrumb\":{\"@id\":\"https:\/\/dezillie.com\/cierges-dautel\/?lang=fr#breadcrumb\"},\"inLanguage\":\"fr-FR\",\"potentialAction\":[{\"@type\":\"ReadAction\",\"target\":[\"https:\/\/dezillie.com\/cierges-dautel\/?lang=fr\"]}]},{\"@type\":\"BreadcrumbList\",\"@id\":\"https:\/\/dezillie.com\/cierges-dautel\/?lang=fr#breadcrumb\",\"itemListElement\":[{\"@type\":\"ListItem\",\"position\":1,\"name\":\"Home\",\"item\":\"https:\/\/dezillie.com\/\"},{\"@type\":\"ListItem\",\"position\":2,\"name\":\"Cierges d&rsquo;autel\"}]},{\"@type\":\"WebSite\",\"@id\":\"https:\/\/dezillie.com\/#website\",\"url\":\"https:\/\/dezillie.com\/\",\"name\":\"Kaarsen Dezillie\",\"description\":\"Kaarsenfabriek Lokeren\",\"publisher\":{\"@id\":\"https:\/\/dezillie.com\/#organization\"},\"potentialAction\":[{\"@type\":\"SearchAction\",\"target\":{\"@type\":\"EntryPoint\",\"urlTemplate\":\"https:\/\/dezillie.com\/?s={search_term_string}\"},\"query-input\":{\"@type\":\"PropertyValueSpecification\",\"valueRequired\":true,\"valueName\":\"search_term_string\"}}],\"inLanguage\":\"fr-FR\"},{\"@type\":\"Organization\",\"@id\":\"https:\/\/dezillie.com\/#organization\",\"name\":\"Kaarsen Dezillie\",\"url\":\"https:\/\/dezillie.com\/\",\"logo\":{\"@type\":\"ImageObject\",\"inLanguage\":\"fr-FR\",\"@id\":\"https:\/\/dezillie.com\/#\/schema\/logo\/image\/\",\"url\":\"https:\/\/dezillie.com\/wp-content\/uploads\/2024\/04\/dezillielogo6_406_121.png\",\"contentUrl\":\"https:\/\/dezillie.com\/wp-content\/uploads\/2024\/04\/dezillielogo6_406_121.png\",\"width\":406,\"height\":121,\"caption\":\"Kaarsen Dezillie\"},\"image\":{\"@id\":\"https:\/\/dezillie.com\/#\/schema\/logo\/image\/\"}}]}<\/script>\n<!-- \/ Yoast SEO plugin. -->","yoast_head_json":{"title":"Cierges d'autel - Dezillie","description":"D\u00e9couvrez nos bougies d'autel de haute qualit\u00e9 avec une longue dur\u00e9e de combustion et une flamme claire. Parfaites pour les \u00e9glises, les rituels et les moments d'ambiance. Commandez d\u00e8s aujourd'hui !","robots":{"index":"index","follow":"follow","max-snippet":"max-snippet:-1","max-image-preview":"max-image-preview:large","max-video-preview":"max-video-preview:-1"},"canonical":"https:\/\/dezillie.com\/cierges-dautel\/?lang=fr","og_locale":"fr_FR","og_type":"article","og_title":"Cierges d'autel - Dezillie","og_description":"D\u00e9couvrez nos bougies d'autel de haute qualit\u00e9 avec une longue dur\u00e9e de combustion et une flamme claire. Parfaites pour les \u00e9glises, les rituels et les moments d'ambiance. Commandez d\u00e8s aujourd'hui !","og_url":"https:\/\/dezillie.com\/cierges-dautel\/?lang=fr","og_site_name":"Dezillie","article_modified_time":"2025-12-05T16:23:04+00:00","twitter_card":"summary_large_image","twitter_misc":{"Dur\u00e9e de lecture estim\u00e9e":"1 minute"},"schema":{"@context":"https:\/\/schema.org","@graph":[{"@type":"WebPage","@id":"https:\/\/dezillie.com\/cierges-dautel\/?lang=fr","url":"https:\/\/dezillie.com\/cierges-dautel\/?lang=fr","name":"Cierges d'autel - Dezillie","isPartOf":{"@id":"https:\/\/dezillie.com\/#website"},"datePublished":"2024-04-29T12:12:36+00:00","dateModified":"2025-12-05T16:23:04+00:00","description":"D\u00e9couvrez nos bougies d'autel de haute qualit\u00e9 avec une longue dur\u00e9e de combustion et une flamme claire. Parfaites pour les \u00e9glises, les rituels et les moments d'ambiance. Commandez d\u00e8s aujourd'hui !","breadcrumb":{"@id":"https:\/\/dezillie.com\/cierges-dautel\/?lang=fr#breadcrumb"},"inLanguage":"fr-FR","potentialAction":[{"@type":"ReadAction","target":["https:\/\/dezillie.com\/cierges-dautel\/?lang=fr"]}]},{"@type":"BreadcrumbList","@id":"https:\/\/dezillie.com\/cierges-dautel\/?lang=fr#breadcrumb","itemListElement":[{"@type":"ListItem","position":1,"name":"Home","item":"https:\/\/dezillie.com\/"},{"@type":"ListItem","position":2,"name":"Cierges d&rsquo;autel"}]},{"@type":"WebSite","@id":"https:\/\/dezillie.com\/#website","url":"https:\/\/dezillie.com\/","name":"Kaarsen Dezillie","description":"Kaarsenfabriek Lokeren","publisher":{"@id":"https:\/\/dezillie.com\/#organization"},"potentialAction":[{"@type":"SearchAction","target":{"@type":"EntryPoint","urlTemplate":"https:\/\/dezillie.com\/?s={search_term_string}"},"query-input":{"@type":"PropertyValueSpecification","valueRequired":true,"valueName":"search_term_string"}}],"inLanguage":"fr-FR"},{"@type":"Organization","@id":"https:\/\/dezillie.com\/#organization","name":"Kaarsen Dezillie","url":"https:\/\/dezillie.com\/","logo":{"@type":"ImageObject","inLanguage":"fr-FR","@id":"https:\/\/dezillie.com\/#\/schema\/logo\/image\/","url":"https:\/\/dezillie.com\/wp-content\/uploads\/2024\/04\/dezillielogo6_406_121.png","contentUrl":"https:\/\/dezillie.com\/wp-content\/uploads\/2024\/04\/dezillielogo6_406_121.png","width":406,"height":121,"caption":"Kaarsen Dezillie"},"image":{"@id":"https:\/\/dezillie.com\/#\/schema\/logo\/image\/"}}]}},"_links":{"self":[{"href":"https:\/\/dezillie.com\/fr\/wp-json\/wp\/v2\/pages\/432","targetHints":{"allow":["GET"]}}],"collection":[{"href":"https:\/\/dezillie.com\/fr\/wp-json\/wp\/v2\/pages"}],"about":[{"href":"https:\/\/dezillie.com\/fr\/wp-json\/wp\/v2\/types\/page"}],"author":[{"embeddable":true,"href":"https:\/\/dezillie.com\/fr\/wp-json\/wp\/v2\/users\/1"}],"replies":[{"embeddable":true,"href":"https:\/\/dezillie.com\/fr\/wp-json\/wp\/v2\/comments?post=432"}],"version-history":[{"count":4,"href":"https:\/\/dezillie.com\/fr\/wp-json\/wp\/v2\/pages\/432\/revisions"}],"predecessor-version":[{"id":518,"href":"https:\/\/dezillie.com\/fr\/wp-json\/wp\/v2\/pages\/432\/revisions\/518"}],"wp:attachment":[{"href":"https:\/\/dezillie.com\/fr\/wp-json\/wp\/v2\/media?parent=432"}],"curies":[{"name":"wp","href":"https:\/\/api.w.org\/{rel}","templated":true}]}}