{"id":436,"date":"2024-04-29T12:11:49","date_gmt":"2024-04-29T12:11:49","guid":{"rendered":"https:\/\/webwinkel.dezillie.com\/bougies-de-ceremonie\/"},"modified":"2025-12-05T16:24:05","modified_gmt":"2025-12-05T16:24:05","slug":"bougies-de-ceremonie","status":"publish","type":"page","link":"https:\/\/dezillie.com\/fr\/bougies-de-ceremonie\/","title":{"rendered":"Bougies de c\u00e9r\u00e9monie"},"content":{"rendered":"<p>[et_pb_section fb_built=\u00a0\u00bb1&Prime; admin_label=\u00a0\u00bbsection\u00a0\u00bb _builder_version=\u00a0\u00bb4.27.4&Prime; background_color=\u00a0\u00bb#ffffff\u00a0\u00bb global_colors_info=\u00a0\u00bb{}\u00a0\u00bb][et_pb_row admin_label=\u00a0\u00bbrow\u00a0\u00bb _builder_version=\u00a0\u00bb4.16&Prime; background_size=\u00a0\u00bbinitial\u00a0\u00bb background_position=\u00a0\u00bbtop_left\u00a0\u00bb background_repeat=\u00a0\u00bbrepeat\u00a0\u00bb global_colors_info=\u00a0\u00bb{}\u00a0\u00bb][et_pb_column type=\u00a0\u00bb4_4&Prime; _builder_version=\u00a0\u00bb4.16&Prime; custom_padding=\u00a0\u00bb|||\u00a0\u00bb global_colors_info=\u00a0\u00bb{}\u00a0\u00bb custom_padding__hover=\u00a0\u00bb|||\u00a0\u00bb][et_pb_text admin_label=\u00a0\u00bbText\u00a0\u00bb _builder_version=\u00a0\u00bb4.16&Prime; text_font=\u00a0\u00bb||||||||\u00a0\u00bb header_font=\u00a0\u00bb|700|||||||\u00a0\u00bb header_text_align=\u00a0\u00bbleft\u00a0\u00bb header_font_size=\u00a0\u00bb40px\u00a0\u00bb background_color=\u00a0\u00bb#eaeaea\u00a0\u00bb background_size=\u00a0\u00bbinitial\u00a0\u00bb background_position=\u00a0\u00bbtop_left\u00a0\u00bb background_repeat=\u00a0\u00bbrepeat\u00a0\u00bb custom_padding=\u00a0\u00bb3px|12px|3px|12px|true|true\u00a0\u00bb hover_enabled=\u00a0\u00bb0&Prime; border_radii=\u00a0\u00bbon|4px|4px|4px|4px\u00a0\u00bb global_colors_info=\u00a0\u00bb{}\u00a0\u00bb sticky_enabled=\u00a0\u00bb0&Prime;]<\/p>\n<h1>Bougies de bapt\u00eame<\/h1>\n<p>[\/et_pb_text][\/et_pb_column][\/et_pb_row][et_pb_row column_structure=\u00a0\u00bb1_2,1_2&Prime; _builder_version=\u00a0\u00bb4.16&Prime; global_colors_info=\u00a0\u00bb{}\u00a0\u00bb][et_pb_column type=\u00a0\u00bb1_2&Prime; _builder_version=\u00a0\u00bb4.16&Prime; custom_padding=\u00a0\u00bb|||\u00a0\u00bb global_colors_info=\u00a0\u00bb{}\u00a0\u00bb custom_padding__hover=\u00a0\u00bb|||\u00a0\u00bb][et_pb_image src=\u00a0\u00bbhttps:\/\/dezillie.com\/wp-content\/uploads\/2024\/04\/dezilliedkrs8_250_333.png\u00a0\u00bb align_tablet=\u00a0\u00bbcenter\u00a0\u00bb align_phone=\u00a0\u00bbcenter\u00a0\u00bb align_last_edited=\u00a0\u00bbon|desktop\u00a0\u00bb _builder_version=\u00a0\u00bb4.16&Prime; global_colors_info=\u00a0\u00bb{}\u00a0\u00bb][\/et_pb_image][\/et_pb_column][et_pb_column type=\u00a0\u00bb1_2&Prime; _builder_version=\u00a0\u00bb4.16&Prime; custom_padding=\u00a0\u00bb|||\u00a0\u00bb global_colors_info=\u00a0\u00bb{}\u00a0\u00bb custom_padding__hover=\u00a0\u00bb|||\u00a0\u00bb][et_pb_text _builder_version=\u00a0\u00bb4.16&Prime; text_font=\u00a0\u00bb|700|||||||\u00a0\u00bb text_text_color=\u00a0\u00bb#000000&Prime; header_font=\u00a0\u00bb||||||||\u00a0\u00bb background_color=\u00a0\u00bb#d6d6d6&Prime; custom_margin=\u00a0\u00bb|122px||\u00a0\u00bb custom_padding=\u00a0\u00bb11px||11px|23px|true\u00a0\u00bb border_radii=\u00a0\u00bbon|7px|7px|7px|7px\u00a0\u00bb global_colors_info=\u00a0\u00bb{}\u00a0\u00bb]<\/p>\n<div><span>DKS8<\/span><\/div>\n<div> <\/div>\n<div><span>Hauteur : 140 mm<\/span><\/div>\n<div><span>Diam\u00e8tre : 60 mm<\/span><\/div>\n<p>[\/et_pb_text][\/et_pb_column][\/et_pb_row][et_pb_row column_structure=\u00a0\u00bb1_2,1_2&Prime; _builder_version=\u00a0\u00bb4.16&Prime; global_colors_info=\u00a0\u00bb{}\u00a0\u00bb][et_pb_column type=\u00a0\u00bb1_2&Prime; _builder_version=\u00a0\u00bb4.16&Prime; custom_padding=\u00a0\u00bb|||\u00a0\u00bb global_colors_info=\u00a0\u00bb{}\u00a0\u00bb custom_padding__hover=\u00a0\u00bb|||\u00a0\u00bb][et_pb_image src=\u00a0\u00bbhttps:\/\/dezillie.com\/wp-content\/uploads\/2024\/04\/dezilliedoopkaarsalt1_369_492.png\u00a0\u00bb align_tablet=\u00a0\u00bbcenter\u00a0\u00bb align_phone=\u00a0\u00bbcenter\u00a0\u00bb align_last_edited=\u00a0\u00bbon|desktop\u00a0\u00bb _builder_version=\u00a0\u00bb4.16&Prime; global_colors_info=\u00a0\u00bb{}\u00a0\u00bb][\/et_pb_image][\/et_pb_column][et_pb_column type=\u00a0\u00bb1_2&Prime; _builder_version=\u00a0\u00bb4.16&Prime; custom_padding=\u00a0\u00bb|||\u00a0\u00bb global_colors_info=\u00a0\u00bb{}\u00a0\u00bb custom_padding__hover=\u00a0\u00bb|||\u00a0\u00bb][et_pb_text _builder_version=\u00a0\u00bb4.16&Prime; text_font=\u00a0\u00bb|700|||||||\u00a0\u00bb text_text_color=\u00a0\u00bb#000000&Prime; header_font=\u00a0\u00bb||||||||\u00a0\u00bb background_color=\u00a0\u00bb#d6d6d6&Prime; custom_margin=\u00a0\u00bb|122px||\u00a0\u00bb custom_padding=\u00a0\u00bb11px||11px|23px|true\u00a0\u00bb border_radii=\u00a0\u00bbon|7px|7px|7px|7px\u00a0\u00bb global_colors_info=\u00a0\u00bb{}\u00a0\u00bb]<\/p>\n<div><span>DK70400<\/span><\/div>\n<div> <\/div>\n<div><span>Hauteur : 400 mm<\/span><\/div>\n<div><span>Diam\u00e8tre : 70 mm<\/span><\/div>\n<p>[\/et_pb_text][\/et_pb_column][\/et_pb_row][et_pb_row admin_label=\u00a0\u00bbrow\u00a0\u00bb _builder_version=\u00a0\u00bb4.16&Prime; background_size=\u00a0\u00bbinitial\u00a0\u00bb background_position=\u00a0\u00bbtop_left\u00a0\u00bb background_repeat=\u00a0\u00bbrepeat\u00a0\u00bb global_colors_info=\u00a0\u00bb{}\u00a0\u00bb][et_pb_column type=\u00a0\u00bb4_4&Prime; _builder_version=\u00a0\u00bb4.16&Prime; custom_padding=\u00a0\u00bb|||\u00a0\u00bb global_colors_info=\u00a0\u00bb{}\u00a0\u00bb custom_padding__hover=\u00a0\u00bb|||\u00a0\u00bb][et_pb_text admin_label=\u00a0\u00bbText\u00a0\u00bb _builder_version=\u00a0\u00bb4.16&Prime; text_font=\u00a0\u00bb||||||||\u00a0\u00bb header_font=\u00a0\u00bb|700|||||||\u00a0\u00bb header_text_align=\u00a0\u00bbleft\u00a0\u00bb header_font_size=\u00a0\u00bb40px\u00a0\u00bb background_color=\u00a0\u00bb#eaeaea\u00a0\u00bb background_size=\u00a0\u00bbinitial\u00a0\u00bb background_position=\u00a0\u00bbtop_left\u00a0\u00bb background_repeat=\u00a0\u00bbrepeat\u00a0\u00bb custom_padding=\u00a0\u00bb3px|12px|3px|12px|true|true\u00a0\u00bb border_radii=\u00a0\u00bbon|4px|4px|4px|4px\u00a0\u00bb global_colors_info=\u00a0\u00bb{}\u00a0\u00bb]<\/p>\n<h1>Bougies de la Vierge Marie<\/h1>\n<p>[\/et_pb_text][\/et_pb_column][\/et_pb_row][et_pb_row column_structure=\u00a0\u00bb1_2,1_2&Prime; _builder_version=\u00a0\u00bb4.16&Prime; global_colors_info=\u00a0\u00bb{}\u00a0\u00bb][et_pb_column type=\u00a0\u00bb1_2&Prime; _builder_version=\u00a0\u00bb4.16&Prime; custom_padding=\u00a0\u00bb|||\u00a0\u00bb global_colors_info=\u00a0\u00bb{}\u00a0\u00bb custom_padding__hover=\u00a0\u00bb|||\u00a0\u00bb][et_pb_image src=\u00a0\u00bbhttps:\/\/dezillie.com\/wp-content\/uploads\/2024\/04\/dezilliemariakaars_529_705.png\u00a0\u00bb align_tablet=\u00a0\u00bbcenter\u00a0\u00bb align_phone=\u00a0\u00bbcenter\u00a0\u00bb align_last_edited=\u00a0\u00bbon|desktop\u00a0\u00bb _builder_version=\u00a0\u00bb4.16&Prime; global_colors_info=\u00a0\u00bb{}\u00a0\u00bb][\/et_pb_image][\/et_pb_column][et_pb_column type=\u00a0\u00bb1_2&Prime; _builder_version=\u00a0\u00bb4.16&Prime; custom_padding=\u00a0\u00bb|||\u00a0\u00bb global_colors_info=\u00a0\u00bb{}\u00a0\u00bb custom_padding__hover=\u00a0\u00bb|||\u00a0\u00bb][et_pb_text _builder_version=\u00a0\u00bb4.16&Prime; text_font=\u00a0\u00bb|700|||||||\u00a0\u00bb text_text_color=\u00a0\u00bb#000000&Prime; header_font=\u00a0\u00bb||||||||\u00a0\u00bb background_color=\u00a0\u00bb#d6d6d6&Prime; custom_margin=\u00a0\u00bb|122px||\u00a0\u00bb custom_padding=\u00a0\u00bb11px||11px|23px|true\u00a0\u00bb border_radii=\u00a0\u00bbon|7px|7px|7px|7px\u00a0\u00bb global_colors_info=\u00a0\u00bb{}\u00a0\u00bb]<\/p>\n<div><span>MK60500<\/span><\/div>\n<div> <\/div>\n<div>Hauteur : 500 mm<\/div>\n<div>Diam\u00e8tre : 60 mm<\/div>\n<p>[\/et_pb_text][\/et_pb_column][\/et_pb_row][\/et_pb_section]<\/p>\n","protected":false},"excerpt":{"rendered":"<p>Bougies de bapt\u00eameDKS8 Hauteur : 140 mm Diam\u00e8tre : 60 mmDK70400 Hauteur : 400 mm Diam\u00e8tre : 70 mmBougies de la Vierge MarieMK60500 Hauteur : 500 mm Diam\u00e8tre : 60 mm<\/p>\n","protected":false},"author":1,"featured_media":0,"parent":0,"menu_order":0,"comment_status":"closed","ping_status":"closed","template":"","meta":{"_et_pb_use_builder":"on","_et_pb_old_content":"","_et_gb_content_width":"","footnotes":""},"class_list":["post-436","page","type-page","status-publish","hentry"],"yoast_head":"<!-- This site is optimized with the Yoast SEO plugin v26.6 - https:\/\/yoast.com\/wordpress\/plugins\/seo\/ -->\n<title>Bougies de c\u00e9r\u00e9monie - Dezillie<\/title>\n<meta name=\"description\" content=\"Bougies de c\u00e9r\u00e9monie premium pour chaque c\u00e9l\u00e9bration : \u00e9l\u00e9gantes, durables et avec une belle flamme claire. Id\u00e9ales pour les mariages, les comm\u00e9morations et les rituels religieux. Commandez maintenant !\" \/>\n<meta name=\"robots\" content=\"index, follow, max-snippet:-1, max-image-preview:large, max-video-preview:-1\" \/>\n<link rel=\"canonical\" href=\"https:\/\/dezillie.com\/bougies-de-ceremonie\/?lang=fr\" \/>\n<meta property=\"og:locale\" content=\"fr_FR\" \/>\n<meta property=\"og:type\" content=\"article\" \/>\n<meta property=\"og:title\" content=\"Bougies de c\u00e9r\u00e9monie - Dezillie\" \/>\n<meta property=\"og:description\" content=\"Bougies de c\u00e9r\u00e9monie premium pour chaque c\u00e9l\u00e9bration : \u00e9l\u00e9gantes, durables et avec une belle flamme claire. Id\u00e9ales pour les mariages, les comm\u00e9morations et les rituels religieux. Commandez maintenant !\" \/>\n<meta property=\"og:url\" content=\"https:\/\/dezillie.com\/bougies-de-ceremonie\/?lang=fr\" \/>\n<meta property=\"og:site_name\" content=\"Dezillie\" \/>\n<meta property=\"article:modified_time\" content=\"2025-12-05T16:24:05+00:00\" \/>\n<meta name=\"twitter:card\" content=\"summary_large_image\" \/>\n<meta name=\"twitter:label1\" content=\"Dur\u00e9e de lecture estim\u00e9e\" \/>\n\t<meta name=\"twitter:data1\" content=\"3 minutes\" \/>\n<script type=\"application\/ld+json\" class=\"yoast-schema-graph\">{\"@context\":\"https:\/\/schema.org\",\"@graph\":[{\"@type\":\"WebPage\",\"@id\":\"https:\/\/dezillie.com\/bougies-de-ceremonie\/?lang=fr\",\"url\":\"https:\/\/dezillie.com\/bougies-de-ceremonie\/?lang=fr\",\"name\":\"Bougies de c\u00e9r\u00e9monie - Dezillie\",\"isPartOf\":{\"@id\":\"https:\/\/dezillie.com\/#website\"},\"datePublished\":\"2024-04-29T12:11:49+00:00\",\"dateModified\":\"2025-12-05T16:24:05+00:00\",\"description\":\"Bougies de c\u00e9r\u00e9monie premium pour chaque c\u00e9l\u00e9bration : \u00e9l\u00e9gantes, durables et avec une belle flamme claire. Id\u00e9ales pour les mariages, les comm\u00e9morations et les rituels religieux. Commandez maintenant !\",\"breadcrumb\":{\"@id\":\"https:\/\/dezillie.com\/bougies-de-ceremonie\/?lang=fr#breadcrumb\"},\"inLanguage\":\"fr-FR\",\"potentialAction\":[{\"@type\":\"ReadAction\",\"target\":[\"https:\/\/dezillie.com\/bougies-de-ceremonie\/?lang=fr\"]}]},{\"@type\":\"BreadcrumbList\",\"@id\":\"https:\/\/dezillie.com\/bougies-de-ceremonie\/?lang=fr#breadcrumb\",\"itemListElement\":[{\"@type\":\"ListItem\",\"position\":1,\"name\":\"Home\",\"item\":\"https:\/\/dezillie.com\/\"},{\"@type\":\"ListItem\",\"position\":2,\"name\":\"Bougies de c\u00e9r\u00e9monie\"}]},{\"@type\":\"WebSite\",\"@id\":\"https:\/\/dezillie.com\/#website\",\"url\":\"https:\/\/dezillie.com\/\",\"name\":\"Kaarsen Dezillie\",\"description\":\"Kaarsenfabriek Lokeren\",\"publisher\":{\"@id\":\"https:\/\/dezillie.com\/#organization\"},\"potentialAction\":[{\"@type\":\"SearchAction\",\"target\":{\"@type\":\"EntryPoint\",\"urlTemplate\":\"https:\/\/dezillie.com\/?s={search_term_string}\"},\"query-input\":{\"@type\":\"PropertyValueSpecification\",\"valueRequired\":true,\"valueName\":\"search_term_string\"}}],\"inLanguage\":\"fr-FR\"},{\"@type\":\"Organization\",\"@id\":\"https:\/\/dezillie.com\/#organization\",\"name\":\"Kaarsen Dezillie\",\"url\":\"https:\/\/dezillie.com\/\",\"logo\":{\"@type\":\"ImageObject\",\"inLanguage\":\"fr-FR\",\"@id\":\"https:\/\/dezillie.com\/#\/schema\/logo\/image\/\",\"url\":\"https:\/\/dezillie.com\/wp-content\/uploads\/2024\/04\/dezillielogo6_406_121.png\",\"contentUrl\":\"https:\/\/dezillie.com\/wp-content\/uploads\/2024\/04\/dezillielogo6_406_121.png\",\"width\":406,\"height\":121,\"caption\":\"Kaarsen Dezillie\"},\"image\":{\"@id\":\"https:\/\/dezillie.com\/#\/schema\/logo\/image\/\"}}]}<\/script>\n<!-- \/ Yoast SEO plugin. -->","yoast_head_json":{"title":"Bougies de c\u00e9r\u00e9monie - Dezillie","description":"Bougies de c\u00e9r\u00e9monie premium pour chaque c\u00e9l\u00e9bration : \u00e9l\u00e9gantes, durables et avec une belle flamme claire. Id\u00e9ales pour les mariages, les comm\u00e9morations et les rituels religieux. Commandez maintenant !","robots":{"index":"index","follow":"follow","max-snippet":"max-snippet:-1","max-image-preview":"max-image-preview:large","max-video-preview":"max-video-preview:-1"},"canonical":"https:\/\/dezillie.com\/bougies-de-ceremonie\/?lang=fr","og_locale":"fr_FR","og_type":"article","og_title":"Bougies de c\u00e9r\u00e9monie - Dezillie","og_description":"Bougies de c\u00e9r\u00e9monie premium pour chaque c\u00e9l\u00e9bration : \u00e9l\u00e9gantes, durables et avec une belle flamme claire. Id\u00e9ales pour les mariages, les comm\u00e9morations et les rituels religieux. Commandez maintenant !","og_url":"https:\/\/dezillie.com\/bougies-de-ceremonie\/?lang=fr","og_site_name":"Dezillie","article_modified_time":"2025-12-05T16:24:05+00:00","twitter_card":"summary_large_image","twitter_misc":{"Dur\u00e9e de lecture estim\u00e9e":"3 minutes"},"schema":{"@context":"https:\/\/schema.org","@graph":[{"@type":"WebPage","@id":"https:\/\/dezillie.com\/bougies-de-ceremonie\/?lang=fr","url":"https:\/\/dezillie.com\/bougies-de-ceremonie\/?lang=fr","name":"Bougies de c\u00e9r\u00e9monie - Dezillie","isPartOf":{"@id":"https:\/\/dezillie.com\/#website"},"datePublished":"2024-04-29T12:11:49+00:00","dateModified":"2025-12-05T16:24:05+00:00","description":"Bougies de c\u00e9r\u00e9monie premium pour chaque c\u00e9l\u00e9bration : \u00e9l\u00e9gantes, durables et avec une belle flamme claire. Id\u00e9ales pour les mariages, les comm\u00e9morations et les rituels religieux. Commandez maintenant !","breadcrumb":{"@id":"https:\/\/dezillie.com\/bougies-de-ceremonie\/?lang=fr#breadcrumb"},"inLanguage":"fr-FR","potentialAction":[{"@type":"ReadAction","target":["https:\/\/dezillie.com\/bougies-de-ceremonie\/?lang=fr"]}]},{"@type":"BreadcrumbList","@id":"https:\/\/dezillie.com\/bougies-de-ceremonie\/?lang=fr#breadcrumb","itemListElement":[{"@type":"ListItem","position":1,"name":"Home","item":"https:\/\/dezillie.com\/"},{"@type":"ListItem","position":2,"name":"Bougies de c\u00e9r\u00e9monie"}]},{"@type":"WebSite","@id":"https:\/\/dezillie.com\/#website","url":"https:\/\/dezillie.com\/","name":"Kaarsen Dezillie","description":"Kaarsenfabriek Lokeren","publisher":{"@id":"https:\/\/dezillie.com\/#organization"},"potentialAction":[{"@type":"SearchAction","target":{"@type":"EntryPoint","urlTemplate":"https:\/\/dezillie.com\/?s={search_term_string}"},"query-input":{"@type":"PropertyValueSpecification","valueRequired":true,"valueName":"search_term_string"}}],"inLanguage":"fr-FR"},{"@type":"Organization","@id":"https:\/\/dezillie.com\/#organization","name":"Kaarsen Dezillie","url":"https:\/\/dezillie.com\/","logo":{"@type":"ImageObject","inLanguage":"fr-FR","@id":"https:\/\/dezillie.com\/#\/schema\/logo\/image\/","url":"https:\/\/dezillie.com\/wp-content\/uploads\/2024\/04\/dezillielogo6_406_121.png","contentUrl":"https:\/\/dezillie.com\/wp-content\/uploads\/2024\/04\/dezillielogo6_406_121.png","width":406,"height":121,"caption":"Kaarsen Dezillie"},"image":{"@id":"https:\/\/dezillie.com\/#\/schema\/logo\/image\/"}}]}},"_links":{"self":[{"href":"https:\/\/dezillie.com\/fr\/wp-json\/wp\/v2\/pages\/436","targetHints":{"allow":["GET"]}}],"collection":[{"href":"https:\/\/dezillie.com\/fr\/wp-json\/wp\/v2\/pages"}],"about":[{"href":"https:\/\/dezillie.com\/fr\/wp-json\/wp\/v2\/types\/page"}],"author":[{"embeddable":true,"href":"https:\/\/dezillie.com\/fr\/wp-json\/wp\/v2\/users\/1"}],"replies":[{"embeddable":true,"href":"https:\/\/dezillie.com\/fr\/wp-json\/wp\/v2\/comments?post=436"}],"version-history":[{"count":6,"href":"https:\/\/dezillie.com\/fr\/wp-json\/wp\/v2\/pages\/436\/revisions"}],"predecessor-version":[{"id":520,"href":"https:\/\/dezillie.com\/fr\/wp-json\/wp\/v2\/pages\/436\/revisions\/520"}],"wp:attachment":[{"href":"https:\/\/dezillie.com\/fr\/wp-json\/wp\/v2\/media?parent=436"}],"curies":[{"name":"wp","href":"https:\/\/api.w.org\/{rel}","templated":true}]}}