{"id":440,"date":"2024-04-29T12:13:03","date_gmt":"2024-04-29T12:13:03","guid":{"rendered":"https:\/\/webwinkel.dezillie.com\/huile-de-lampe-votive-et-bougies-funeraires\/"},"modified":"2025-12-05T16:55:49","modified_gmt":"2025-12-05T16:55:49","slug":"huile-de-lampe-votive-et-bougies-funeraires","status":"publish","type":"page","link":"https:\/\/dezillie.com\/fr\/huile-de-lampe-votive-et-bougies-funeraires\/","title":{"rendered":"Lampes de Sanctuaire et bougies fun\u00e9raires"},"content":{"rendered":"<p>[et_pb_section fb_built=\u00a0\u00bb1&Prime; admin_label=\u00a0\u00bbsection\u00a0\u00bb _builder_version=\u00a0\u00bb3.0.47&Prime;][et_pb_row admin_label=\u00a0\u00bbrow\u00a0\u00bb _builder_version=\u00a0\u00bb3.0.47&Prime; background_size=\u00a0\u00bbinitial\u00a0\u00bb background_position=\u00a0\u00bbtop_left\u00a0\u00bb background_repeat=\u00a0\u00bbrepeat\u00a0\u00bb][et_pb_column type=\u00a0\u00bb4_4&Prime; _builder_version=\u00a0\u00bb3.0.47&Prime; parallax=\u00a0\u00bboff\u00a0\u00bb parallax_method=\u00a0\u00bbon\u00a0\u00bb][et_pb_text admin_label=\u00a0\u00bbText\u00a0\u00bb _builder_version=\u00a0\u00bb3.5.1&Prime; text_font=\u00a0\u00bb||||||||\u00a0\u00bb header_font=\u00a0\u00bb|700|||||||\u00a0\u00bb header_font_size=\u00a0\u00bb40px\u00a0\u00bb header_2_font=\u00a0\u00bb||||||||\u00a0\u00bb header_3_font=\u00a0\u00bb||||||||\u00a0\u00bb header_4_font=\u00a0\u00bb||||||||\u00a0\u00bb header_5_font=\u00a0\u00bb||||||||\u00a0\u00bb header_6_font=\u00a0\u00bb||||||||\u00a0\u00bb background_color=\u00a0\u00bb#e8e8e8&Prime; background_size=\u00a0\u00bbinitial\u00a0\u00bb background_position=\u00a0\u00bbtop_left\u00a0\u00bb background_repeat=\u00a0\u00bbrepeat\u00a0\u00bb border_radii=\u00a0\u00bbon|5px|5px|5px|5px\u00a0\u00bb custom_padding=\u00a0\u00bb9px|15px|4px|15px|false|true\u00a0\u00bb]<\/p>\n<h1>Lampes de Sanctuaire<\/h1>\n<p>(huile 100% v\u00e9g\u00e9tale)<\/p>\n<p>[\/et_pb_text][\/et_pb_column][\/et_pb_row][et_pb_row _builder_version=\u00a0\u00bb3.5.1&Prime;][et_pb_column type=\u00a0\u00bb1_2&Prime; _builder_version=\u00a0\u00bb3.5.1&Prime; parallax=\u00a0\u00bboff\u00a0\u00bb parallax_method=\u00a0\u00bbon\u00a0\u00bb][et_pb_image src=\u00a0\u00bbhttps:\/\/dezillie.com\/wp-content\/uploads\/2024\/04\/dezilliegodslamp_617_368.jpg\u00a0\u00bb _builder_version=\u00a0\u00bb3.5.1&Prime;][\/et_pb_image][\/et_pb_column][et_pb_column type=\u00a0\u00bb1_2&Prime; _builder_version=\u00a0\u00bb3.5.1&Prime; parallax=\u00a0\u00bboff\u00a0\u00bb parallax_method=\u00a0\u00bbon\u00a0\u00bb][et_pb_text _builder_version=\u00a0\u00bb3.5.1&Prime;]<\/p>\n<table width=\"314\" height=\"116\">\n<tbody>\n<tr>\n<td style=\"width: 97.3281px;\"><strong>Art. Code<\/strong><\/td>\n<td style=\"width: 97.3281px;\"><strong>Couleur<\/strong><\/td>\n<td style=\"width: 97.3438px;\"><strong>Dur\u00e9e de combustion<\/strong><\/td>\n<\/tr>\n<tr>\n<td style=\"width: 97.3281px;\">\n<div>GL101<\/div>\n<div>GL102<\/div>\n<div>GL103<\/div>\n<\/td>\n<td style=\"width: 97.3281px;\">\n<div>blanc<\/div>\n<div>rouge<\/div>\n<div>bleu<\/div>\n<\/td>\n<td style=\"width: 97.3438px;\">\n<div>9 jours<\/div>\n<div>9 jours<\/div>\n<div>9 jours<\/div>\n<\/td>\n<\/tr>\n<tr>\n<td style=\"width: 97.3281px;\">\n<div>GL701<\/div>\n<div>GL702<\/div>\n<\/td>\n<td style=\"width: 97.3281px;\">\n<div>blanc<\/div>\n<div>rouge<\/div>\n<\/td>\n<td style=\"width: 97.3438px;\">\n<div>7 jours<\/div>\n<div>7 jours<\/div>\n<\/td>\n<\/tr>\n<tr>\n<td style=\"width: 97.3281px;\">\n<div>GL301<\/div>\n<div>GL302<\/div>\n<div>GL303<\/div>\n<\/td>\n<td style=\"width: 97.3281px;\">\n<div>blanc<\/div>\n<div>rouge<\/div>\n<div>bleu<\/div>\n<\/td>\n<td style=\"width: 97.3438px;\">\n<div>3 jours<\/div>\n<div>3 jours<\/div>\n<div>3 jours<\/div>\n<\/td>\n<\/tr>\n<\/tbody>\n<\/table>\n<p>[\/et_pb_text][\/et_pb_column][\/et_pb_row][\/et_pb_section]<\/p>\n","protected":false},"excerpt":{"rendered":"<p>Lampes de Sanctuaire (huile 100% v\u00e9g\u00e9tale) Art. Code Couleur Dur\u00e9e de combustion GL101 GL102 GL103 blanc rouge bleu 9 jours 9 jours 9 jours GL701 GL702 blanc rouge 7 jours 7 jours GL301 GL302 GL303 blanc rouge bleu 3 jours 3 jours 3 jours<\/p>\n","protected":false},"author":1,"featured_media":0,"parent":0,"menu_order":0,"comment_status":"closed","ping_status":"closed","template":"","meta":{"_et_pb_use_builder":"on","_et_pb_old_content":"","_et_gb_content_width":"","footnotes":""},"class_list":["post-440","page","type-page","status-publish","hentry"],"yoast_head":"<!-- This site is optimized with the Yoast SEO plugin v26.6 - https:\/\/yoast.com\/wordpress\/plugins\/seo\/ -->\n<title>Lampes de Sanctuaire et bougies fun\u00e9raires - Dezillie<\/title>\n<meta name=\"description\" content=\"Choisissez parmi une huile de sanctuaire de haute qualit\u00e9 et des bougies fun\u00e9raires durables pour une luminosit\u00e9 et une ambiance de longue dur\u00e9e. Parfait pour la comm\u00e9moration, la pri\u00e8re et les applications eccl\u00e9siastiques.\" \/>\n<meta name=\"robots\" content=\"index, follow, max-snippet:-1, max-image-preview:large, max-video-preview:-1\" \/>\n<link rel=\"canonical\" href=\"https:\/\/dezillie.com\/huile-de-lampe-votive-et-bougies-funeraires\/?lang=fr\" \/>\n<meta property=\"og:locale\" content=\"fr_FR\" \/>\n<meta property=\"og:type\" content=\"article\" \/>\n<meta property=\"og:title\" content=\"Lampes de Sanctuaire et bougies fun\u00e9raires - Dezillie\" \/>\n<meta property=\"og:description\" content=\"Choisissez parmi une huile de sanctuaire de haute qualit\u00e9 et des bougies fun\u00e9raires durables pour une luminosit\u00e9 et une ambiance de longue dur\u00e9e. Parfait pour la comm\u00e9moration, la pri\u00e8re et les applications eccl\u00e9siastiques.\" \/>\n<meta property=\"og:url\" content=\"https:\/\/dezillie.com\/huile-de-lampe-votive-et-bougies-funeraires\/?lang=fr\" \/>\n<meta property=\"og:site_name\" content=\"Dezillie\" \/>\n<meta property=\"article:modified_time\" content=\"2025-12-05T16:55:49+00:00\" \/>\n<meta name=\"twitter:card\" content=\"summary_large_image\" \/>\n<meta name=\"twitter:label1\" content=\"Dur\u00e9e de lecture estim\u00e9e\" \/>\n\t<meta name=\"twitter:data1\" content=\"1 minute\" \/>\n<script type=\"application\/ld+json\" class=\"yoast-schema-graph\">{\"@context\":\"https:\/\/schema.org\",\"@graph\":[{\"@type\":\"WebPage\",\"@id\":\"https:\/\/dezillie.com\/huile-de-lampe-votive-et-bougies-funeraires\/?lang=fr\",\"url\":\"https:\/\/dezillie.com\/huile-de-lampe-votive-et-bougies-funeraires\/?lang=fr\",\"name\":\"Lampes de Sanctuaire et bougies fun\u00e9raires - Dezillie\",\"isPartOf\":{\"@id\":\"https:\/\/dezillie.com\/#website\"},\"datePublished\":\"2024-04-29T12:13:03+00:00\",\"dateModified\":\"2025-12-05T16:55:49+00:00\",\"description\":\"Choisissez parmi une huile de sanctuaire de haute qualit\u00e9 et des bougies fun\u00e9raires durables pour une luminosit\u00e9 et une ambiance de longue dur\u00e9e. Parfait pour la comm\u00e9moration, la pri\u00e8re et les applications eccl\u00e9siastiques.\",\"breadcrumb\":{\"@id\":\"https:\/\/dezillie.com\/huile-de-lampe-votive-et-bougies-funeraires\/?lang=fr#breadcrumb\"},\"inLanguage\":\"fr-FR\",\"potentialAction\":[{\"@type\":\"ReadAction\",\"target\":[\"https:\/\/dezillie.com\/huile-de-lampe-votive-et-bougies-funeraires\/?lang=fr\"]}]},{\"@type\":\"BreadcrumbList\",\"@id\":\"https:\/\/dezillie.com\/huile-de-lampe-votive-et-bougies-funeraires\/?lang=fr#breadcrumb\",\"itemListElement\":[{\"@type\":\"ListItem\",\"position\":1,\"name\":\"Home\",\"item\":\"https:\/\/dezillie.com\/\"},{\"@type\":\"ListItem\",\"position\":2,\"name\":\"Lampes de Sanctuaire et bougies fun\u00e9raires\"}]},{\"@type\":\"WebSite\",\"@id\":\"https:\/\/dezillie.com\/#website\",\"url\":\"https:\/\/dezillie.com\/\",\"name\":\"Kaarsen Dezillie\",\"description\":\"Kaarsenfabriek Lokeren\",\"publisher\":{\"@id\":\"https:\/\/dezillie.com\/#organization\"},\"potentialAction\":[{\"@type\":\"SearchAction\",\"target\":{\"@type\":\"EntryPoint\",\"urlTemplate\":\"https:\/\/dezillie.com\/?s={search_term_string}\"},\"query-input\":{\"@type\":\"PropertyValueSpecification\",\"valueRequired\":true,\"valueName\":\"search_term_string\"}}],\"inLanguage\":\"fr-FR\"},{\"@type\":\"Organization\",\"@id\":\"https:\/\/dezillie.com\/#organization\",\"name\":\"Kaarsen Dezillie\",\"url\":\"https:\/\/dezillie.com\/\",\"logo\":{\"@type\":\"ImageObject\",\"inLanguage\":\"fr-FR\",\"@id\":\"https:\/\/dezillie.com\/#\/schema\/logo\/image\/\",\"url\":\"https:\/\/dezillie.com\/wp-content\/uploads\/2024\/04\/dezillielogo6_406_121.png\",\"contentUrl\":\"https:\/\/dezillie.com\/wp-content\/uploads\/2024\/04\/dezillielogo6_406_121.png\",\"width\":406,\"height\":121,\"caption\":\"Kaarsen Dezillie\"},\"image\":{\"@id\":\"https:\/\/dezillie.com\/#\/schema\/logo\/image\/\"}}]}<\/script>\n<!-- \/ Yoast SEO plugin. -->","yoast_head_json":{"title":"Lampes de Sanctuaire et bougies fun\u00e9raires - Dezillie","description":"Choisissez parmi une huile de sanctuaire de haute qualit\u00e9 et des bougies fun\u00e9raires durables pour une luminosit\u00e9 et une ambiance de longue dur\u00e9e. Parfait pour la comm\u00e9moration, la pri\u00e8re et les applications eccl\u00e9siastiques.","robots":{"index":"index","follow":"follow","max-snippet":"max-snippet:-1","max-image-preview":"max-image-preview:large","max-video-preview":"max-video-preview:-1"},"canonical":"https:\/\/dezillie.com\/huile-de-lampe-votive-et-bougies-funeraires\/?lang=fr","og_locale":"fr_FR","og_type":"article","og_title":"Lampes de Sanctuaire et bougies fun\u00e9raires - Dezillie","og_description":"Choisissez parmi une huile de sanctuaire de haute qualit\u00e9 et des bougies fun\u00e9raires durables pour une luminosit\u00e9 et une ambiance de longue dur\u00e9e. Parfait pour la comm\u00e9moration, la pri\u00e8re et les applications eccl\u00e9siastiques.","og_url":"https:\/\/dezillie.com\/huile-de-lampe-votive-et-bougies-funeraires\/?lang=fr","og_site_name":"Dezillie","article_modified_time":"2025-12-05T16:55:49+00:00","twitter_card":"summary_large_image","twitter_misc":{"Dur\u00e9e de lecture estim\u00e9e":"1 minute"},"schema":{"@context":"https:\/\/schema.org","@graph":[{"@type":"WebPage","@id":"https:\/\/dezillie.com\/huile-de-lampe-votive-et-bougies-funeraires\/?lang=fr","url":"https:\/\/dezillie.com\/huile-de-lampe-votive-et-bougies-funeraires\/?lang=fr","name":"Lampes de Sanctuaire et bougies fun\u00e9raires - Dezillie","isPartOf":{"@id":"https:\/\/dezillie.com\/#website"},"datePublished":"2024-04-29T12:13:03+00:00","dateModified":"2025-12-05T16:55:49+00:00","description":"Choisissez parmi une huile de sanctuaire de haute qualit\u00e9 et des bougies fun\u00e9raires durables pour une luminosit\u00e9 et une ambiance de longue dur\u00e9e. Parfait pour la comm\u00e9moration, la pri\u00e8re et les applications eccl\u00e9siastiques.","breadcrumb":{"@id":"https:\/\/dezillie.com\/huile-de-lampe-votive-et-bougies-funeraires\/?lang=fr#breadcrumb"},"inLanguage":"fr-FR","potentialAction":[{"@type":"ReadAction","target":["https:\/\/dezillie.com\/huile-de-lampe-votive-et-bougies-funeraires\/?lang=fr"]}]},{"@type":"BreadcrumbList","@id":"https:\/\/dezillie.com\/huile-de-lampe-votive-et-bougies-funeraires\/?lang=fr#breadcrumb","itemListElement":[{"@type":"ListItem","position":1,"name":"Home","item":"https:\/\/dezillie.com\/"},{"@type":"ListItem","position":2,"name":"Lampes de Sanctuaire et bougies fun\u00e9raires"}]},{"@type":"WebSite","@id":"https:\/\/dezillie.com\/#website","url":"https:\/\/dezillie.com\/","name":"Kaarsen Dezillie","description":"Kaarsenfabriek Lokeren","publisher":{"@id":"https:\/\/dezillie.com\/#organization"},"potentialAction":[{"@type":"SearchAction","target":{"@type":"EntryPoint","urlTemplate":"https:\/\/dezillie.com\/?s={search_term_string}"},"query-input":{"@type":"PropertyValueSpecification","valueRequired":true,"valueName":"search_term_string"}}],"inLanguage":"fr-FR"},{"@type":"Organization","@id":"https:\/\/dezillie.com\/#organization","name":"Kaarsen Dezillie","url":"https:\/\/dezillie.com\/","logo":{"@type":"ImageObject","inLanguage":"fr-FR","@id":"https:\/\/dezillie.com\/#\/schema\/logo\/image\/","url":"https:\/\/dezillie.com\/wp-content\/uploads\/2024\/04\/dezillielogo6_406_121.png","contentUrl":"https:\/\/dezillie.com\/wp-content\/uploads\/2024\/04\/dezillielogo6_406_121.png","width":406,"height":121,"caption":"Kaarsen Dezillie"},"image":{"@id":"https:\/\/dezillie.com\/#\/schema\/logo\/image\/"}}]}},"_links":{"self":[{"href":"https:\/\/dezillie.com\/fr\/wp-json\/wp\/v2\/pages\/440","targetHints":{"allow":["GET"]}}],"collection":[{"href":"https:\/\/dezillie.com\/fr\/wp-json\/wp\/v2\/pages"}],"about":[{"href":"https:\/\/dezillie.com\/fr\/wp-json\/wp\/v2\/types\/page"}],"author":[{"embeddable":true,"href":"https:\/\/dezillie.com\/fr\/wp-json\/wp\/v2\/users\/1"}],"replies":[{"embeddable":true,"href":"https:\/\/dezillie.com\/fr\/wp-json\/wp\/v2\/comments?post=440"}],"version-history":[{"count":5,"href":"https:\/\/dezillie.com\/fr\/wp-json\/wp\/v2\/pages\/440\/revisions"}],"predecessor-version":[{"id":535,"href":"https:\/\/dezillie.com\/fr\/wp-json\/wp\/v2\/pages\/440\/revisions\/535"}],"wp:attachment":[{"href":"https:\/\/dezillie.com\/fr\/wp-json\/wp\/v2\/media?parent=440"}],"curies":[{"name":"wp","href":"https:\/\/api.w.org\/{rel}","templated":true}]}}