{"id":444,"date":"2025-11-27T16:32:36","date_gmt":"2025-11-27T16:32:36","guid":{"rendered":"https:\/\/webwinkel.dezillie.com\/bougies-de-devotion\/"},"modified":"2025-12-05T17:46:29","modified_gmt":"2025-12-05T17:46:29","slug":"bougies-de-devotion","status":"publish","type":"page","link":"https:\/\/dezillie.com\/fr\/bougies-de-devotion\/","title":{"rendered":"Bougies de d\u00e9votion"},"content":{"rendered":"<p>[et_pb_section fb_built=\u00a0\u00bb1&Prime; _builder_version=\u00a0\u00bb4.27.4&Prime; _module_preset=\u00a0\u00bbdefault\u00a0\u00bb global_colors_info=\u00a0\u00bb{}\u00a0\u00bb][et_pb_row _builder_version=\u00a0\u00bb4.27.4&Prime; _module_preset=\u00a0\u00bbdefault\u00a0\u00bb global_colors_info=\u00a0\u00bb{}\u00a0\u00bb][et_pb_column type=\u00a0\u00bb4_4&Prime; _builder_version=\u00a0\u00bb4.27.4&Prime; _module_preset=\u00a0\u00bbdefault\u00a0\u00bb global_colors_info=\u00a0\u00bb{}\u00a0\u00bb][et_pb_heading title=\u00a0\u00bbBougies de d\u00e9votion\u00a0\u00bb title_tablet=\u00a0\u00bbDevotiekaarsen\u00a0\u00bb title_phone=\u00a0\u00bbDevotiekaarsen\u00a0\u00bb title_last_edited=\u00a0\u00bbon|desktop\u00a0\u00bb _builder_version=\u00a0\u00bb4.27.4&Prime; _module_preset=\u00a0\u00bbdefault\u00a0\u00bb title_level=\u00a0\u00bbh2&Prime; title_font=\u00a0\u00bbArial||||||||\u00a0\u00bb background_color=\u00a0\u00bb#f4fbff\u00a0\u00bb transform_scale=\u00a0\u00bb136%|268%\u00a0\u00bb transform_scale_linked=\u00a0\u00bboff\u00a0\u00bb custom_padding=\u00a0\u00bb5px|||20px|false|false\u00a0\u00bb hover_enabled=\u00a0\u00bb0&Prime; title_text_shadow_style=\u00a0\u00bbpreset2&Prime; border_radii=\u00a0\u00bbon|10px|10px|10px|10px\u00a0\u00bb global_colors_info=\u00a0\u00bb{}\u00a0\u00bb sticky_enabled=\u00a0\u00bb0&Prime;][\/et_pb_heading][\/et_pb_column][\/et_pb_row][et_pb_row column_structure=\u00a0\u00bb1_2,1_2&Prime; _builder_version=\u00a0\u00bb4.27.4&Prime; _module_preset=\u00a0\u00bbdefault\u00a0\u00bb global_colors_info=\u00a0\u00bb{}\u00a0\u00bb][et_pb_column type=\u00a0\u00bb1_2&Prime; _builder_version=\u00a0\u00bb4.27.4&Prime; _module_preset=\u00a0\u00bbdefault\u00a0\u00bb global_colors_info=\u00a0\u00bb{}\u00a0\u00bb][et_pb_image src=\u00a0\u00bbhttps:\/\/dezillie.com\/wp-content\/uploads\/2025\/12\/voorpagina.jpg\u00a0\u00bb title_text=\u00a0\u00bbpage d&#039;accueil\u00a0\u00bb _builder_version=\u00a0\u00bb4.27.4&Prime; _module_preset=\u00a0\u00bbdefault\u00a0\u00bb transform_translate=\u00a0\u00bb-182px|63px\u00a0\u00bb global_colors_info=\u00a0\u00bb{}\u00a0\u00bb][\/et_pb_image][\/et_pb_column][et_pb_column type=\u00a0\u00bb1_2&Prime; _builder_version=\u00a0\u00bb4.27.4&Prime; _module_preset=\u00a0\u00bbdefault\u00a0\u00bb global_colors_info=\u00a0\u00bb{}\u00a0\u00bb][et_pb_text _builder_version=\u00a0\u00bb4.27.4&Prime; _module_preset=\u00a0\u00bbdefault\u00a0\u00bb background_color=\u00a0\u00bb#F2FAFF\u00a0\u00bb transform_translate=\u00a0\u00bb178px|32px\u00a0\u00bb custom_padding=\u00a0\u00bb10px|13px|13px|13px|false|false\u00a0\u00bb hover_enabled=\u00a0\u00bb0&Prime; border_radii=\u00a0\u00bbon|19px|19px|19px|19px\u00a0\u00bb border_color_all=\u00a0\u00bbRGBA(255,255,255,0)\u00a0\u00bb global_colors_info=\u00a0\u00bb{}\u00a0\u00bb sticky_enabled=\u00a0\u00bb0&Prime;]<\/p>\n<table border=\"1\" style=\"border-collapse: collapse; width: 100%;\">\n<tbody>\n<tr style=\"text-align: center;\">\n<td style=\"width: 33.3333%; text-align: center;\"><strong>Art. nr.<\/strong><\/td>\n<td style=\"width: 33.3333%; text-align: center;\"><strong>Poids<\/strong><\/td>\n<td style=\"width: 33.3333%; text-align: center;\"><strong>Longueur<\/strong><\/td>\n<\/tr>\n<tr style=\"text-align: center;\">\n<td style=\"width: 33.3333%;\"><\/td>\n<td style=\"width: 33.3333%;\"><\/td>\n<td style=\"width: 33.3333%;\"><\/td>\n<\/tr>\n<tr style=\"text-align: center;\">\n<td style=\"width: 33.3333%;\"><strong>OK104<\/strong><\/td>\n<td style=\"width: 33.3333%;\"><strong>4 pc.\/kg.<\/strong><\/td>\n<td style=\"width: 33.3333%;\"><strong>810 mm<\/strong><\/td>\n<\/tr>\n<tr style=\"text-align: center;\">\n<td style=\"width: 33.3333%;\"><strong>OK105<\/strong><\/td>\n<td style=\"width: 33.3333%;\"><strong>5 pc.\/kg.<\/strong><\/td>\n<td style=\"width: 33.3333%;\"><strong>600 mm<\/strong><\/td>\n<\/tr>\n<tr style=\"text-align: center;\">\n<td style=\"width: 33.3333%;\"><strong>OK106<\/strong><\/td>\n<td style=\"width: 33.3333%;\"><strong>6 pc.\/kg.<\/strong><\/td>\n<td style=\"width: 33.3333%;\"><strong>600 mm<\/strong><\/td>\n<\/tr>\n<tr style=\"text-align: center;\">\n<td style=\"width: 33.3333%;\"><strong>OK110<\/strong><\/td>\n<td style=\"width: 33.3333%;\"><strong>10 pcs\/kg<\/strong><\/td>\n<td style=\"width: 33.3333%;\"><strong>380 mm<\/strong><\/td>\n<\/tr>\n<tr style=\"text-align: center;\">\n<td style=\"width: 33.3333%;\"><strong>OK112<\/strong><\/td>\n<td style=\"width: 33.3333%;\"><strong>12 pcs\/kg<\/strong><\/td>\n<td style=\"width: 33.3333%;\"><strong>380 mm<\/strong><\/td>\n<\/tr>\n<tr style=\"text-align: center;\">\n<td style=\"width: 33.3333%;\"><strong>OK116<\/strong><\/td>\n<td style=\"width: 33.3333%;\"><strong>16 pcs\/kg<\/strong><\/td>\n<td style=\"width: 33.3333%;\"><strong>380 mm<\/strong><\/td>\n<\/tr>\n<tr style=\"text-align: center;\">\n<td style=\"width: 33.3333%;\"><strong>OK132<\/strong><\/td>\n<td style=\"width: 33.3333%;\"><strong>32 pc.\/kg.<\/strong><\/td>\n<td style=\"width: 33.3333%;\"><strong>330 mm<\/strong><\/td>\n<\/tr>\n<tr style=\"text-align: center;\">\n<td style=\"width: 33.3333%;\"><strong>OK140<\/strong><\/td>\n<td style=\"width: 33.3333%;\"><strong>40 pc.\/kg.<\/strong><\/td>\n<td style=\"width: 33.3333%;\"><strong>290 mm<\/strong><\/td>\n<\/tr>\n<\/tbody>\n<\/table>\n<p>Ce sont des cierges tremp\u00e9s, fabriqu\u00e9s par immersion dans la cire. Ils peuvent \u00e9ventuellement \u00eatre adapt\u00e9s selon vos souhaits et \u00eatre \u00e9quip\u00e9s ou non de silencieux pour voiture.<\/p>\n<p>[\/et_pb_text][\/et_pb_column][\/et_pb_row][et_pb_row _builder_version=\u00a0\u00bb4.27.4&Prime; _module_preset=\u00a0\u00bbdefault\u00a0\u00bb global_colors_info=\u00a0\u00bb{}\u00a0\u00bb][et_pb_column type=\u00a0\u00bb4_4&Prime; _builder_version=\u00a0\u00bb4.27.4&Prime; _module_preset=\u00a0\u00bbdefault\u00a0\u00bb global_colors_info=\u00a0\u00bb{}\u00a0\u00bb][\/et_pb_column][\/et_pb_row][\/et_pb_section]<\/p>\n","protected":false},"excerpt":{"rendered":"<p>Art. nr. Poids Longueur OK104 4 pc.\/kg. 810 mm OK105 5 pc.\/kg. 600 mm OK106 6 pc.\/kg. 600 mm OK110 10 pcs\/kg 380 mm OK112 12 pcs\/kg 380 mm OK116 16 pcs\/kg 380 mm OK132 32 pc.\/kg. 330 mm OK140 40 pc.\/kg. 290 mm Ce sont des cierges tremp\u00e9s, fabriqu\u00e9s par immersion dans la cire. [&hellip;]<\/p>\n","protected":false},"author":1,"featured_media":0,"parent":0,"menu_order":0,"comment_status":"closed","ping_status":"closed","template":"","meta":{"_et_pb_use_builder":"on","_et_pb_old_content":"","_et_gb_content_width":"","footnotes":""},"class_list":["post-444","page","type-page","status-publish","hentry"],"yoast_head":"<!-- This site is optimized with the Yoast SEO plugin v26.6 - https:\/\/yoast.com\/wordpress\/plugins\/seo\/ -->\n<title>Bougies de d\u00e9votion - Dezillie<\/title>\n<meta name=\"description\" content=\"Bougies de d\u00e9votion de haute qualit\u00e9 avec une longue dur\u00e9e de combustion et une flamme pure. Parfaites pour la pri\u00e8re, la m\u00e9ditation et les moments spirituels. D\u00e9couvrez notre gamme compl\u00e8te.\" \/>\n<meta name=\"robots\" content=\"index, follow, max-snippet:-1, max-image-preview:large, max-video-preview:-1\" \/>\n<link rel=\"canonical\" href=\"https:\/\/dezillie.com\/devotiekaarsen\/\" \/>\n<meta property=\"og:locale\" content=\"fr_FR\" \/>\n<meta property=\"og:type\" content=\"article\" \/>\n<meta property=\"og:title\" content=\"Bougies de d\u00e9votion - Dezillie\" \/>\n<meta property=\"og:description\" content=\"Bougies de d\u00e9votion de haute qualit\u00e9 avec une longue dur\u00e9e de combustion et une flamme pure. Parfaites pour la pri\u00e8re, la m\u00e9ditation et les moments spirituels. D\u00e9couvrez notre gamme compl\u00e8te.\" \/>\n<meta property=\"og:url\" content=\"https:\/\/dezillie.com\/devotiekaarsen\/\" \/>\n<meta property=\"og:site_name\" content=\"Dezillie\" \/>\n<meta property=\"article:modified_time\" content=\"2025-12-05T17:46:29+00:00\" \/>\n<meta name=\"twitter:card\" content=\"summary_large_image\" \/>\n<meta name=\"twitter:label1\" content=\"Dur\u00e9e de lecture estim\u00e9e\" \/>\n\t<meta name=\"twitter:data1\" content=\"2 minutes\" \/>\n<script type=\"application\/ld+json\" class=\"yoast-schema-graph\">{\"@context\":\"https:\/\/schema.org\",\"@graph\":[{\"@type\":\"WebPage\",\"@id\":\"https:\/\/dezillie.com\/devotiekaarsen\/\",\"url\":\"https:\/\/dezillie.com\/devotiekaarsen\/\",\"name\":\"Bougies de d\u00e9votion - Dezillie\",\"isPartOf\":{\"@id\":\"https:\/\/dezillie.com\/#website\"},\"datePublished\":\"2025-11-27T16:32:36+00:00\",\"dateModified\":\"2025-12-05T17:46:29+00:00\",\"description\":\"Bougies de d\u00e9votion de haute qualit\u00e9 avec une longue dur\u00e9e de combustion et une flamme pure. Parfaites pour la pri\u00e8re, la m\u00e9ditation et les moments spirituels. D\u00e9couvrez notre gamme compl\u00e8te.\",\"breadcrumb\":{\"@id\":\"https:\/\/dezillie.com\/devotiekaarsen\/#breadcrumb\"},\"inLanguage\":\"fr-FR\",\"potentialAction\":[{\"@type\":\"ReadAction\",\"target\":[\"https:\/\/dezillie.com\/devotiekaarsen\/\"]}]},{\"@type\":\"BreadcrumbList\",\"@id\":\"https:\/\/dezillie.com\/devotiekaarsen\/#breadcrumb\",\"itemListElement\":[{\"@type\":\"ListItem\",\"position\":1,\"name\":\"Home\",\"item\":\"https:\/\/dezillie.com\/\"},{\"@type\":\"ListItem\",\"position\":2,\"name\":\"Bougies de d\u00e9votion\"}]},{\"@type\":\"WebSite\",\"@id\":\"https:\/\/dezillie.com\/#website\",\"url\":\"https:\/\/dezillie.com\/\",\"name\":\"Kaarsen Dezillie\",\"description\":\"Kaarsenfabriek Lokeren\",\"publisher\":{\"@id\":\"https:\/\/dezillie.com\/#organization\"},\"potentialAction\":[{\"@type\":\"SearchAction\",\"target\":{\"@type\":\"EntryPoint\",\"urlTemplate\":\"https:\/\/dezillie.com\/?s={search_term_string}\"},\"query-input\":{\"@type\":\"PropertyValueSpecification\",\"valueRequired\":true,\"valueName\":\"search_term_string\"}}],\"inLanguage\":\"fr-FR\"},{\"@type\":\"Organization\",\"@id\":\"https:\/\/dezillie.com\/#organization\",\"name\":\"Kaarsen Dezillie\",\"url\":\"https:\/\/dezillie.com\/\",\"logo\":{\"@type\":\"ImageObject\",\"inLanguage\":\"fr-FR\",\"@id\":\"https:\/\/dezillie.com\/#\/schema\/logo\/image\/\",\"url\":\"https:\/\/dezillie.com\/wp-content\/uploads\/2024\/04\/dezillielogo6_406_121.png\",\"contentUrl\":\"https:\/\/dezillie.com\/wp-content\/uploads\/2024\/04\/dezillielogo6_406_121.png\",\"width\":406,\"height\":121,\"caption\":\"Kaarsen Dezillie\"},\"image\":{\"@id\":\"https:\/\/dezillie.com\/#\/schema\/logo\/image\/\"}}]}<\/script>\n<!-- \/ Yoast SEO plugin. -->","yoast_head_json":{"title":"Bougies de d\u00e9votion - Dezillie","description":"Bougies de d\u00e9votion de haute qualit\u00e9 avec une longue dur\u00e9e de combustion et une flamme pure. Parfaites pour la pri\u00e8re, la m\u00e9ditation et les moments spirituels. D\u00e9couvrez notre gamme compl\u00e8te.","robots":{"index":"index","follow":"follow","max-snippet":"max-snippet:-1","max-image-preview":"max-image-preview:large","max-video-preview":"max-video-preview:-1"},"canonical":"https:\/\/dezillie.com\/devotiekaarsen\/","og_locale":"fr_FR","og_type":"article","og_title":"Bougies de d\u00e9votion - Dezillie","og_description":"Bougies de d\u00e9votion de haute qualit\u00e9 avec une longue dur\u00e9e de combustion et une flamme pure. Parfaites pour la pri\u00e8re, la m\u00e9ditation et les moments spirituels. D\u00e9couvrez notre gamme compl\u00e8te.","og_url":"https:\/\/dezillie.com\/devotiekaarsen\/","og_site_name":"Dezillie","article_modified_time":"2025-12-05T17:46:29+00:00","twitter_card":"summary_large_image","twitter_misc":{"Dur\u00e9e de lecture estim\u00e9e":"2 minutes"},"schema":{"@context":"https:\/\/schema.org","@graph":[{"@type":"WebPage","@id":"https:\/\/dezillie.com\/devotiekaarsen\/","url":"https:\/\/dezillie.com\/devotiekaarsen\/","name":"Bougies de d\u00e9votion - Dezillie","isPartOf":{"@id":"https:\/\/dezillie.com\/#website"},"datePublished":"2025-11-27T16:32:36+00:00","dateModified":"2025-12-05T17:46:29+00:00","description":"Bougies de d\u00e9votion de haute qualit\u00e9 avec une longue dur\u00e9e de combustion et une flamme pure. Parfaites pour la pri\u00e8re, la m\u00e9ditation et les moments spirituels. D\u00e9couvrez notre gamme compl\u00e8te.","breadcrumb":{"@id":"https:\/\/dezillie.com\/devotiekaarsen\/#breadcrumb"},"inLanguage":"fr-FR","potentialAction":[{"@type":"ReadAction","target":["https:\/\/dezillie.com\/devotiekaarsen\/"]}]},{"@type":"BreadcrumbList","@id":"https:\/\/dezillie.com\/devotiekaarsen\/#breadcrumb","itemListElement":[{"@type":"ListItem","position":1,"name":"Home","item":"https:\/\/dezillie.com\/"},{"@type":"ListItem","position":2,"name":"Bougies de d\u00e9votion"}]},{"@type":"WebSite","@id":"https:\/\/dezillie.com\/#website","url":"https:\/\/dezillie.com\/","name":"Kaarsen Dezillie","description":"Kaarsenfabriek Lokeren","publisher":{"@id":"https:\/\/dezillie.com\/#organization"},"potentialAction":[{"@type":"SearchAction","target":{"@type":"EntryPoint","urlTemplate":"https:\/\/dezillie.com\/?s={search_term_string}"},"query-input":{"@type":"PropertyValueSpecification","valueRequired":true,"valueName":"search_term_string"}}],"inLanguage":"fr-FR"},{"@type":"Organization","@id":"https:\/\/dezillie.com\/#organization","name":"Kaarsen Dezillie","url":"https:\/\/dezillie.com\/","logo":{"@type":"ImageObject","inLanguage":"fr-FR","@id":"https:\/\/dezillie.com\/#\/schema\/logo\/image\/","url":"https:\/\/dezillie.com\/wp-content\/uploads\/2024\/04\/dezillielogo6_406_121.png","contentUrl":"https:\/\/dezillie.com\/wp-content\/uploads\/2024\/04\/dezillielogo6_406_121.png","width":406,"height":121,"caption":"Kaarsen Dezillie"},"image":{"@id":"https:\/\/dezillie.com\/#\/schema\/logo\/image\/"}}]}},"_links":{"self":[{"href":"https:\/\/dezillie.com\/fr\/wp-json\/wp\/v2\/pages\/444","targetHints":{"allow":["GET"]}}],"collection":[{"href":"https:\/\/dezillie.com\/fr\/wp-json\/wp\/v2\/pages"}],"about":[{"href":"https:\/\/dezillie.com\/fr\/wp-json\/wp\/v2\/types\/page"}],"author":[{"embeddable":true,"href":"https:\/\/dezillie.com\/fr\/wp-json\/wp\/v2\/users\/1"}],"replies":[{"embeddable":true,"href":"https:\/\/dezillie.com\/fr\/wp-json\/wp\/v2\/comments?post=444"}],"version-history":[{"count":9,"href":"https:\/\/dezillie.com\/fr\/wp-json\/wp\/v2\/pages\/444\/revisions"}],"predecessor-version":[{"id":561,"href":"https:\/\/dezillie.com\/fr\/wp-json\/wp\/v2\/pages\/444\/revisions\/561"}],"wp:attachment":[{"href":"https:\/\/dezillie.com\/fr\/wp-json\/wp\/v2\/media?parent=444"}],"curies":[{"name":"wp","href":"https:\/\/api.w.org\/{rel}","templated":true}]}}