{"id":454,"date":"2024-04-29T12:14:35","date_gmt":"2024-04-29T12:14:35","guid":{"rendered":"https:\/\/webwinkel.dezillie.com\/contact\/"},"modified":"2025-12-04T13:24:06","modified_gmt":"2025-12-04T13:24:06","slug":"contact","status":"publish","type":"page","link":"https:\/\/dezillie.com\/fr\/contact\/","title":{"rendered":"Contact"},"content":{"rendered":"<p>[et_pb_section fb_built=\u00a0\u00bb1&Prime; admin_label=\u00a0\u00bbsection\u00a0\u00bb _builder_version=\u00a0\u00bb3.0.47&Prime;][et_pb_row _builder_version=\u00a0\u00bb3.5.1&Prime;][et_pb_column type=\u00a0\u00bb4_4&Prime; _builder_version=\u00a0\u00bb3.5.1&Prime; parallax=\u00a0\u00bboff\u00a0\u00bb parallax_method=\u00a0\u00bbon\u00a0\u00bb][et_pb_text header_font_size=\u00a0\u00bb40px\u00a0\u00bb border_radii=\u00a0\u00bbon|5px|5px|5px|5px\u00a0\u00bb _builder_version=\u00a0\u00bb3.5.1&Prime; header_font=\u00a0\u00bb|700|||||||\u00a0\u00bb background_color=\u00a0\u00bb#dbdbdb\u00a0\u00bb custom_padding=\u00a0\u00bb9px|14px|7px|14px|false|true\u00a0\u00bb]<\/p>\n<h1>Contact<\/h1>\n<p>[\/et_pb_text][\/et_pb_column][\/et_pb_row][et_pb_row _builder_version=\u00a0\u00bb3.5.1&Prime;][et_pb_column type=\u00a0\u00bb1_2&Prime; _builder_version=\u00a0\u00bb3.5.1&Prime; parallax=\u00a0\u00bboff\u00a0\u00bb parallax_method=\u00a0\u00bbon\u00a0\u00bb][et_pb_text _builder_version=\u00a0\u00bb3.5.1&Prime;]<\/p>\n<div>Nous vous remercions de votre visite sur notre site web.<\/div>\n<div>Si vous avez encore des questions ou si le produit que vous recherchiez<\/div>\n<div>n&rsquo;a pas \u00e9t\u00e9 trouv\u00e9.<\/div>\n<div>Veuillez remplir le formulaire et nous envoyer un message.<\/div>\n<p>[\/et_pb_text][\/et_pb_column][et_pb_column type=\u00a0\u00bb1_2&Prime; _builder_version=\u00a0\u00bb3.5.1&Prime; parallax=\u00a0\u00bboff\u00a0\u00bb parallax_method=\u00a0\u00bbon\u00a0\u00bb][et_pb_contact_form _builder_version=\u00a0\u00bb3.5.1&Prime; module_id=\u00a0\u00bbet_pb_contact_form_0&Prime;][et_pb_contact_field field_id=\u00a0\u00bbName\u00a0\u00bb field_title=\u00a0\u00bbNom\u00a0\u00bb _builder_version=\u00a0\u00bb3.0.47&Prime; border_radii=\u00a0\u00bbon||||\u00a0\u00bb][\/et_pb_contact_field][et_pb_contact_field field_id=\u00a0\u00bbEmail\u00a0\u00bb field_title=\u00a0\u00bbAdresse e-mail\u00a0\u00bb field_type=\u00a0\u00bbemail\u00a0\u00bb _builder_version=\u00a0\u00bb3.0.47&Prime; border_radii=\u00a0\u00bbon||||\u00a0\u00bb][\/et_pb_contact_field][et_pb_contact_field field_id=\u00a0\u00bbMessage\u00a0\u00bb field_title=\u00a0\u00bbMessage\u00a0\u00bb field_type=\u00a0\u00bbtext\u00a0\u00bb fullwidth_field=\u00a0\u00bbon\u00a0\u00bb _builder_version=\u00a0\u00bb3.0.47&Prime; border_radii=\u00a0\u00bbon||||\u00a0\u00bb][\/et_pb_contact_field][\/et_pb_contact_form][\/et_pb_column][\/et_pb_row][\/et_pb_section]<\/p>\n","protected":false},"excerpt":{"rendered":"<p>Contact Nous vous remercions de votre visite sur notre site web. Si vous avez encore des questions ou si le produit que vous recherchiez n&rsquo;a pas \u00e9t\u00e9 trouv\u00e9. Veuillez remplir le formulaire et nous envoyer un message.<\/p>\n","protected":false},"author":1,"featured_media":0,"parent":0,"menu_order":0,"comment_status":"closed","ping_status":"closed","template":"","meta":{"_et_pb_use_builder":"on","_et_pb_old_content":"","_et_gb_content_width":"","footnotes":""},"class_list":["post-454","page","type-page","status-publish","hentry"],"yoast_head":"<!-- This site is optimized with the Yoast SEO plugin v26.6 - https:\/\/yoast.com\/wordpress\/plugins\/seo\/ -->\n<title>Contact - Dezillie<\/title>\n<meta name=\"robots\" content=\"index, follow, max-snippet:-1, max-image-preview:large, max-video-preview:-1\" \/>\n<link rel=\"canonical\" href=\"https:\/\/dezillie.com\/contact\/?lang=fr\" \/>\n<meta property=\"og:locale\" content=\"fr_FR\" \/>\n<meta property=\"og:type\" content=\"article\" \/>\n<meta property=\"og:title\" content=\"Contact - Dezillie\" \/>\n<meta property=\"og:description\" content=\"Contact Nous vous remercions de votre visite sur notre site web. Si vous avez encore des questions ou si le produit que vous recherchiez n&#039;a pas \u00e9t\u00e9 trouv\u00e9. Veuillez remplir le formulaire et nous envoyer un message.\" \/>\n<meta property=\"og:url\" content=\"https:\/\/dezillie.com\/contact\/?lang=fr\" \/>\n<meta property=\"og:site_name\" content=\"Dezillie\" \/>\n<meta property=\"article:modified_time\" content=\"2025-12-04T13:24:06+00:00\" \/>\n<meta name=\"twitter:card\" content=\"summary_large_image\" \/>\n<meta name=\"twitter:label1\" content=\"Dur\u00e9e de lecture estim\u00e9e\" \/>\n\t<meta name=\"twitter:data1\" content=\"1 minute\" \/>\n<script type=\"application\/ld+json\" class=\"yoast-schema-graph\">{\"@context\":\"https:\/\/schema.org\",\"@graph\":[{\"@type\":\"WebPage\",\"@id\":\"https:\/\/dezillie.com\/contact\/?lang=fr\",\"url\":\"https:\/\/dezillie.com\/contact\/?lang=fr\",\"name\":\"Contact - Dezillie\",\"isPartOf\":{\"@id\":\"https:\/\/dezillie.com\/#website\"},\"datePublished\":\"2024-04-29T12:14:35+00:00\",\"dateModified\":\"2025-12-04T13:24:06+00:00\",\"breadcrumb\":{\"@id\":\"https:\/\/dezillie.com\/contact\/?lang=fr#breadcrumb\"},\"inLanguage\":\"fr-FR\",\"potentialAction\":[{\"@type\":\"ReadAction\",\"target\":[\"https:\/\/dezillie.com\/contact\/?lang=fr\"]}]},{\"@type\":\"BreadcrumbList\",\"@id\":\"https:\/\/dezillie.com\/contact\/?lang=fr#breadcrumb\",\"itemListElement\":[{\"@type\":\"ListItem\",\"position\":1,\"name\":\"Home\",\"item\":\"https:\/\/dezillie.com\/\"},{\"@type\":\"ListItem\",\"position\":2,\"name\":\"Contact\"}]},{\"@type\":\"WebSite\",\"@id\":\"https:\/\/dezillie.com\/#website\",\"url\":\"https:\/\/dezillie.com\/\",\"name\":\"Kaarsen Dezillie\",\"description\":\"Kaarsenfabriek Lokeren\",\"publisher\":{\"@id\":\"https:\/\/dezillie.com\/#organization\"},\"potentialAction\":[{\"@type\":\"SearchAction\",\"target\":{\"@type\":\"EntryPoint\",\"urlTemplate\":\"https:\/\/dezillie.com\/?s={search_term_string}\"},\"query-input\":{\"@type\":\"PropertyValueSpecification\",\"valueRequired\":true,\"valueName\":\"search_term_string\"}}],\"inLanguage\":\"fr-FR\"},{\"@type\":\"Organization\",\"@id\":\"https:\/\/dezillie.com\/#organization\",\"name\":\"Kaarsen Dezillie\",\"url\":\"https:\/\/dezillie.com\/\",\"logo\":{\"@type\":\"ImageObject\",\"inLanguage\":\"fr-FR\",\"@id\":\"https:\/\/dezillie.com\/#\/schema\/logo\/image\/\",\"url\":\"https:\/\/dezillie.com\/wp-content\/uploads\/2024\/04\/dezillielogo6_406_121.png\",\"contentUrl\":\"https:\/\/dezillie.com\/wp-content\/uploads\/2024\/04\/dezillielogo6_406_121.png\",\"width\":406,\"height\":121,\"caption\":\"Kaarsen Dezillie\"},\"image\":{\"@id\":\"https:\/\/dezillie.com\/#\/schema\/logo\/image\/\"}}]}<\/script>\n<!-- \/ Yoast SEO plugin. -->","yoast_head_json":{"title":"Contact - Dezillie","robots":{"index":"index","follow":"follow","max-snippet":"max-snippet:-1","max-image-preview":"max-image-preview:large","max-video-preview":"max-video-preview:-1"},"canonical":"https:\/\/dezillie.com\/contact\/?lang=fr","og_locale":"fr_FR","og_type":"article","og_title":"Contact - Dezillie","og_description":"Contact Nous vous remercions de votre visite sur notre site web. Si vous avez encore des questions ou si le produit que vous recherchiez n'a pas \u00e9t\u00e9 trouv\u00e9. Veuillez remplir le formulaire et nous envoyer un message.","og_url":"https:\/\/dezillie.com\/contact\/?lang=fr","og_site_name":"Dezillie","article_modified_time":"2025-12-04T13:24:06+00:00","twitter_card":"summary_large_image","twitter_misc":{"Dur\u00e9e de lecture estim\u00e9e":"1 minute"},"schema":{"@context":"https:\/\/schema.org","@graph":[{"@type":"WebPage","@id":"https:\/\/dezillie.com\/contact\/?lang=fr","url":"https:\/\/dezillie.com\/contact\/?lang=fr","name":"Contact - Dezillie","isPartOf":{"@id":"https:\/\/dezillie.com\/#website"},"datePublished":"2024-04-29T12:14:35+00:00","dateModified":"2025-12-04T13:24:06+00:00","breadcrumb":{"@id":"https:\/\/dezillie.com\/contact\/?lang=fr#breadcrumb"},"inLanguage":"fr-FR","potentialAction":[{"@type":"ReadAction","target":["https:\/\/dezillie.com\/contact\/?lang=fr"]}]},{"@type":"BreadcrumbList","@id":"https:\/\/dezillie.com\/contact\/?lang=fr#breadcrumb","itemListElement":[{"@type":"ListItem","position":1,"name":"Home","item":"https:\/\/dezillie.com\/"},{"@type":"ListItem","position":2,"name":"Contact"}]},{"@type":"WebSite","@id":"https:\/\/dezillie.com\/#website","url":"https:\/\/dezillie.com\/","name":"Kaarsen Dezillie","description":"Kaarsenfabriek Lokeren","publisher":{"@id":"https:\/\/dezillie.com\/#organization"},"potentialAction":[{"@type":"SearchAction","target":{"@type":"EntryPoint","urlTemplate":"https:\/\/dezillie.com\/?s={search_term_string}"},"query-input":{"@type":"PropertyValueSpecification","valueRequired":true,"valueName":"search_term_string"}}],"inLanguage":"fr-FR"},{"@type":"Organization","@id":"https:\/\/dezillie.com\/#organization","name":"Kaarsen Dezillie","url":"https:\/\/dezillie.com\/","logo":{"@type":"ImageObject","inLanguage":"fr-FR","@id":"https:\/\/dezillie.com\/#\/schema\/logo\/image\/","url":"https:\/\/dezillie.com\/wp-content\/uploads\/2024\/04\/dezillielogo6_406_121.png","contentUrl":"https:\/\/dezillie.com\/wp-content\/uploads\/2024\/04\/dezillielogo6_406_121.png","width":406,"height":121,"caption":"Kaarsen Dezillie"},"image":{"@id":"https:\/\/dezillie.com\/#\/schema\/logo\/image\/"}}]}},"_links":{"self":[{"href":"https:\/\/dezillie.com\/fr\/wp-json\/wp\/v2\/pages\/454","targetHints":{"allow":["GET"]}}],"collection":[{"href":"https:\/\/dezillie.com\/fr\/wp-json\/wp\/v2\/pages"}],"about":[{"href":"https:\/\/dezillie.com\/fr\/wp-json\/wp\/v2\/types\/page"}],"author":[{"embeddable":true,"href":"https:\/\/dezillie.com\/fr\/wp-json\/wp\/v2\/users\/1"}],"replies":[{"embeddable":true,"href":"https:\/\/dezillie.com\/fr\/wp-json\/wp\/v2\/comments?post=454"}],"version-history":[{"count":2,"href":"https:\/\/dezillie.com\/fr\/wp-json\/wp\/v2\/pages\/454\/revisions"}],"predecessor-version":[{"id":457,"href":"https:\/\/dezillie.com\/fr\/wp-json\/wp\/v2\/pages\/454\/revisions\/457"}],"wp:attachment":[{"href":"https:\/\/dezillie.com\/fr\/wp-json\/wp\/v2\/media?parent=454"}],"curies":[{"name":"wp","href":"https:\/\/api.w.org\/{rel}","templated":true}]}}