{"id":469,"date":"2024-04-29T12:12:08","date_gmt":"2024-04-29T12:12:08","guid":{"rendered":"https:\/\/webwinkel.dezillie.com\/cierges-pascal\/"},"modified":"2025-12-05T17:15:58","modified_gmt":"2025-12-05T17:15:58","slug":"cierges-pascal","status":"publish","type":"page","link":"https:\/\/dezillie.com\/fr\/cierges-pascal\/","title":{"rendered":"Cierges Pascal"},"content":{"rendered":"<p>[et_pb_section fb_built=\u00a0\u00bb1&Prime; admin_label=\u00a0\u00bbsection\u00a0\u00bb _builder_version=\u00a0\u00bb3.0.47&Prime;][et_pb_row admin_label=\u00a0\u00bbrow\u00a0\u00bb _builder_version=\u00a0\u00bb3.5.1&Prime; background_size=\u00a0\u00bbinitial\u00a0\u00bb background_position=\u00a0\u00bbtop_left\u00a0\u00bb background_repeat=\u00a0\u00bbrepeat\u00a0\u00bb][et_pb_column type=\u00a0\u00bb4_4&Prime; _builder_version=\u00a0\u00bb3.0.47&Prime; parallax=\u00a0\u00bboff\u00a0\u00bb parallax_method=\u00a0\u00bbon\u00a0\u00bb][et_pb_text admin_label=\u00a0\u00bbText\u00a0\u00bb _builder_version=\u00a0\u00bb3.5.1&Prime; header_font=\u00a0\u00bb|700|||||||\u00a0\u00bb header_font_size=\u00a0\u00bb40px\u00a0\u00bb background_color=\u00a0\u00bb#eaeaea\u00a0\u00bb background_size=\u00a0\u00bbinitial\u00a0\u00bb background_position=\u00a0\u00bbtop_left\u00a0\u00bb background_repeat=\u00a0\u00bbrepeat\u00a0\u00bb border_radii=\u00a0\u00bbon|4px|4px|4px|4px\u00a0\u00bb custom_padding=\u00a0\u00bb15px|10px|9px|10px|false|true\u00a0\u00bb]<\/p>\n<h1>Cierges Pascal<\/h1>\n<p>[\/et_pb_text][\/et_pb_column][\/et_pb_row][et_pb_row _builder_version=\u00a0\u00bb3.5.1&Prime;][et_pb_column type=\u00a0\u00bb1_2&Prime; _builder_version=\u00a0\u00bb3.5.1&Prime; parallax=\u00a0\u00bboff\u00a0\u00bb parallax_method=\u00a0\u00bbon\u00a0\u00bb][et_pb_image src=\u00a0\u00bbhttps:\/\/dezillie.com\/wp-content\/uploads\/2024\/04\/dezilliepk2019-2_557_656.png\u00a0\u00bb _builder_version=\u00a0\u00bb3.5.1&Prime;][\/et_pb_image][et_pb_image src=\u00a0\u00bbhttps:\/\/dezillie.com\/wp-content\/uploads\/2024\/04\/dezilliePK2019-1_365_667.png\u00a0\u00bb _builder_version=\u00a0\u00bb3.5.1&Prime;][\/et_pb_image][\/et_pb_column][et_pb_column type=\u00a0\u00bb1_2&Prime; _builder_version=\u00a0\u00bb3.5.1&Prime; parallax=\u00a0\u00bboff\u00a0\u00bb parallax_method=\u00a0\u00bbon\u00a0\u00bb][et_pb_text _builder_version=\u00a0\u00bb3.5.1&Prime; text_font=\u00a0\u00bb|600|||||||\u00a0\u00bb text_orientation=\u00a0\u00bbcenter\u00a0\u00bb]<\/p>\n<table width=\"308\" height=\"85\">\n<tbody>\n<tr>\n<td style=\"width: 70px;\">R\u00e9f\u00e9rence<\/td>\n<td style=\"width: 70px;\">Diam\u00e8tre<\/td>\n<td style=\"width: 70px;\">Longueur<\/td>\n<td style=\"width: 70px;\">Poids<\/td>\n<\/tr>\n<tr>\n<td style=\"width: 70px;\"><span>K2WB80800<\/span><\/td>\n<td style=\"width: 70px;\">80 mm<\/td>\n<td style=\"width: 70px;\"><span>800 mm<\/span><\/td>\n<td style=\"width: 70px;\">3,8 kg<\/td>\n<\/tr>\n<tr>\n<td style=\"width: 70px;\"><span>KWB901000<\/span><\/td>\n<td style=\"width: 70px;\">90 mm<\/td>\n<td style=\"width: 70px;\">1000 mm<\/td>\n<td style=\"width: 70px;\">6,8 kg<\/td>\n<\/tr>\n<\/tbody>\n<\/table>\n<div><span>Veuillez nous indiquer la d\u00e9coration souhait\u00e9e,<\/span><\/div>\n<div><span>A &#8211; B &#8211; C &#8211; D &#8211; E &#8211; F la d\u00e9coration est incluse dans le prix<\/span><\/div>\n<p>[\/et_pb_text][et_pb_text admin_label=\u00a0\u00bbText\u00a0\u00bb _builder_version=\u00a0\u00bb3.5.1&Prime; text_font=\u00a0\u00bb|700|||||||\u00a0\u00bb text_text_color=\u00a0\u00bb#000000&Prime; header_font=\u00a0\u00bb|600|||||||\u00a0\u00bb header_font_size=\u00a0\u00bb40px\u00a0\u00bb background_color=\u00a0\u00bb#eaeaea\u00a0\u00bb background_size=\u00a0\u00bbinitial\u00a0\u00bb background_position=\u00a0\u00bbtop_left\u00a0\u00bb background_repeat=\u00a0\u00bbrepeat\u00a0\u00bb border_radii=\u00a0\u00bbon|4px|4px|4px|4px\u00a0\u00bb custom_padding=\u00a0\u00bb15px|10px|9px|10px|false|true\u00a0\u00bb]<\/p>\n<div><span>Plusieurs mod\u00e8les de cierges pascals sont disponibles. <\/span><\/div>\n<div><span>Veuillez nous contacter et nous cr\u00e9erons le cierge Pascal enti\u00e8rement selon vos souhaits.<\/span><\/div>\n<p>[\/et_pb_text][\/et_pb_column][\/et_pb_row][\/et_pb_section]<\/p>\n","protected":false},"excerpt":{"rendered":"<p>Cierges Pascal R\u00e9f\u00e9rence Diam\u00e8tre Longueur Poids K2WB80800 80 mm 800 mm 3,8 kg KWB901000 90 mm 1000 mm 6,8 kg Veuillez nous indiquer la d\u00e9coration souhait\u00e9e, A &#8211; B &#8211; C &#8211; D &#8211; E &#8211; F la d\u00e9coration est incluse dans le prixPlusieurs mod\u00e8les de cierges pascals sont disponibles. Veuillez nous contacter et nous [&hellip;]<\/p>\n","protected":false},"author":1,"featured_media":0,"parent":0,"menu_order":0,"comment_status":"closed","ping_status":"closed","template":"","meta":{"_et_pb_use_builder":"on","_et_pb_old_content":"","_et_gb_content_width":"","footnotes":""},"class_list":["post-469","page","type-page","status-publish","hentry"],"yoast_head":"<!-- This site is optimized with the Yoast SEO plugin v26.6 - https:\/\/yoast.com\/wordpress\/plugins\/seo\/ -->\n<title>Cierges Pascal - Dezillie<\/title>\n<meta name=\"description\" content=\"Cierges Pascal de haute qualit\u00e9 avec d\u00e9corations symboliques et longue dur\u00e9e de combustion. Parfaites pour les \u00e9glises et les c\u00e9l\u00e9brations de P\u00e2ques. Commandez des bougies pascales de qualit\u00e9 en ligne.\" \/>\n<meta name=\"robots\" content=\"index, follow, max-snippet:-1, max-image-preview:large, max-video-preview:-1\" \/>\n<link rel=\"canonical\" href=\"https:\/\/dezillie.com\/cierges-pascal\/?lang=fr\" \/>\n<meta property=\"og:locale\" content=\"fr_FR\" \/>\n<meta property=\"og:type\" content=\"article\" \/>\n<meta property=\"og:title\" content=\"Cierges Pascal - Dezillie\" \/>\n<meta property=\"og:description\" content=\"Cierges Pascal de haute qualit\u00e9 avec d\u00e9corations symboliques et longue dur\u00e9e de combustion. Parfaites pour les \u00e9glises et les c\u00e9l\u00e9brations de P\u00e2ques. Commandez des bougies pascales de qualit\u00e9 en ligne.\" \/>\n<meta property=\"og:url\" content=\"https:\/\/dezillie.com\/cierges-pascal\/?lang=fr\" \/>\n<meta property=\"og:site_name\" content=\"Dezillie\" \/>\n<meta property=\"article:modified_time\" content=\"2025-12-05T17:15:58+00:00\" \/>\n<meta name=\"twitter:card\" content=\"summary_large_image\" \/>\n<meta name=\"twitter:label1\" content=\"Dur\u00e9e de lecture estim\u00e9e\" \/>\n\t<meta name=\"twitter:data1\" content=\"1 minute\" \/>\n<script type=\"application\/ld+json\" class=\"yoast-schema-graph\">{\"@context\":\"https:\/\/schema.org\",\"@graph\":[{\"@type\":\"WebPage\",\"@id\":\"https:\/\/dezillie.com\/cierges-pascal\/?lang=fr\",\"url\":\"https:\/\/dezillie.com\/cierges-pascal\/?lang=fr\",\"name\":\"Cierges Pascal - Dezillie\",\"isPartOf\":{\"@id\":\"https:\/\/dezillie.com\/#website\"},\"datePublished\":\"2024-04-29T12:12:08+00:00\",\"dateModified\":\"2025-12-05T17:15:58+00:00\",\"description\":\"Cierges Pascal de haute qualit\u00e9 avec d\u00e9corations symboliques et longue dur\u00e9e de combustion. Parfaites pour les \u00e9glises et les c\u00e9l\u00e9brations de P\u00e2ques. Commandez des bougies pascales de qualit\u00e9 en ligne.\",\"breadcrumb\":{\"@id\":\"https:\/\/dezillie.com\/cierges-pascal\/?lang=fr#breadcrumb\"},\"inLanguage\":\"fr-FR\",\"potentialAction\":[{\"@type\":\"ReadAction\",\"target\":[\"https:\/\/dezillie.com\/cierges-pascal\/?lang=fr\"]}]},{\"@type\":\"BreadcrumbList\",\"@id\":\"https:\/\/dezillie.com\/cierges-pascal\/?lang=fr#breadcrumb\",\"itemListElement\":[{\"@type\":\"ListItem\",\"position\":1,\"name\":\"Home\",\"item\":\"https:\/\/dezillie.com\/\"},{\"@type\":\"ListItem\",\"position\":2,\"name\":\"Cierges Pascal\"}]},{\"@type\":\"WebSite\",\"@id\":\"https:\/\/dezillie.com\/#website\",\"url\":\"https:\/\/dezillie.com\/\",\"name\":\"Kaarsen Dezillie\",\"description\":\"Kaarsenfabriek Lokeren\",\"publisher\":{\"@id\":\"https:\/\/dezillie.com\/#organization\"},\"potentialAction\":[{\"@type\":\"SearchAction\",\"target\":{\"@type\":\"EntryPoint\",\"urlTemplate\":\"https:\/\/dezillie.com\/?s={search_term_string}\"},\"query-input\":{\"@type\":\"PropertyValueSpecification\",\"valueRequired\":true,\"valueName\":\"search_term_string\"}}],\"inLanguage\":\"fr-FR\"},{\"@type\":\"Organization\",\"@id\":\"https:\/\/dezillie.com\/#organization\",\"name\":\"Kaarsen Dezillie\",\"url\":\"https:\/\/dezillie.com\/\",\"logo\":{\"@type\":\"ImageObject\",\"inLanguage\":\"fr-FR\",\"@id\":\"https:\/\/dezillie.com\/#\/schema\/logo\/image\/\",\"url\":\"https:\/\/dezillie.com\/wp-content\/uploads\/2024\/04\/dezillielogo6_406_121.png\",\"contentUrl\":\"https:\/\/dezillie.com\/wp-content\/uploads\/2024\/04\/dezillielogo6_406_121.png\",\"width\":406,\"height\":121,\"caption\":\"Kaarsen Dezillie\"},\"image\":{\"@id\":\"https:\/\/dezillie.com\/#\/schema\/logo\/image\/\"}}]}<\/script>\n<!-- \/ Yoast SEO plugin. -->","yoast_head_json":{"title":"Cierges Pascal - Dezillie","description":"Cierges Pascal de haute qualit\u00e9 avec d\u00e9corations symboliques et longue dur\u00e9e de combustion. Parfaites pour les \u00e9glises et les c\u00e9l\u00e9brations de P\u00e2ques. Commandez des bougies pascales de qualit\u00e9 en ligne.","robots":{"index":"index","follow":"follow","max-snippet":"max-snippet:-1","max-image-preview":"max-image-preview:large","max-video-preview":"max-video-preview:-1"},"canonical":"https:\/\/dezillie.com\/cierges-pascal\/?lang=fr","og_locale":"fr_FR","og_type":"article","og_title":"Cierges Pascal - Dezillie","og_description":"Cierges Pascal de haute qualit\u00e9 avec d\u00e9corations symboliques et longue dur\u00e9e de combustion. Parfaites pour les \u00e9glises et les c\u00e9l\u00e9brations de P\u00e2ques. Commandez des bougies pascales de qualit\u00e9 en ligne.","og_url":"https:\/\/dezillie.com\/cierges-pascal\/?lang=fr","og_site_name":"Dezillie","article_modified_time":"2025-12-05T17:15:58+00:00","twitter_card":"summary_large_image","twitter_misc":{"Dur\u00e9e de lecture estim\u00e9e":"1 minute"},"schema":{"@context":"https:\/\/schema.org","@graph":[{"@type":"WebPage","@id":"https:\/\/dezillie.com\/cierges-pascal\/?lang=fr","url":"https:\/\/dezillie.com\/cierges-pascal\/?lang=fr","name":"Cierges Pascal - Dezillie","isPartOf":{"@id":"https:\/\/dezillie.com\/#website"},"datePublished":"2024-04-29T12:12:08+00:00","dateModified":"2025-12-05T17:15:58+00:00","description":"Cierges Pascal de haute qualit\u00e9 avec d\u00e9corations symboliques et longue dur\u00e9e de combustion. Parfaites pour les \u00e9glises et les c\u00e9l\u00e9brations de P\u00e2ques. Commandez des bougies pascales de qualit\u00e9 en ligne.","breadcrumb":{"@id":"https:\/\/dezillie.com\/cierges-pascal\/?lang=fr#breadcrumb"},"inLanguage":"fr-FR","potentialAction":[{"@type":"ReadAction","target":["https:\/\/dezillie.com\/cierges-pascal\/?lang=fr"]}]},{"@type":"BreadcrumbList","@id":"https:\/\/dezillie.com\/cierges-pascal\/?lang=fr#breadcrumb","itemListElement":[{"@type":"ListItem","position":1,"name":"Home","item":"https:\/\/dezillie.com\/"},{"@type":"ListItem","position":2,"name":"Cierges Pascal"}]},{"@type":"WebSite","@id":"https:\/\/dezillie.com\/#website","url":"https:\/\/dezillie.com\/","name":"Kaarsen Dezillie","description":"Kaarsenfabriek Lokeren","publisher":{"@id":"https:\/\/dezillie.com\/#organization"},"potentialAction":[{"@type":"SearchAction","target":{"@type":"EntryPoint","urlTemplate":"https:\/\/dezillie.com\/?s={search_term_string}"},"query-input":{"@type":"PropertyValueSpecification","valueRequired":true,"valueName":"search_term_string"}}],"inLanguage":"fr-FR"},{"@type":"Organization","@id":"https:\/\/dezillie.com\/#organization","name":"Kaarsen Dezillie","url":"https:\/\/dezillie.com\/","logo":{"@type":"ImageObject","inLanguage":"fr-FR","@id":"https:\/\/dezillie.com\/#\/schema\/logo\/image\/","url":"https:\/\/dezillie.com\/wp-content\/uploads\/2024\/04\/dezillielogo6_406_121.png","contentUrl":"https:\/\/dezillie.com\/wp-content\/uploads\/2024\/04\/dezillielogo6_406_121.png","width":406,"height":121,"caption":"Kaarsen Dezillie"},"image":{"@id":"https:\/\/dezillie.com\/#\/schema\/logo\/image\/"}}]}},"_links":{"self":[{"href":"https:\/\/dezillie.com\/fr\/wp-json\/wp\/v2\/pages\/469","targetHints":{"allow":["GET"]}}],"collection":[{"href":"https:\/\/dezillie.com\/fr\/wp-json\/wp\/v2\/pages"}],"about":[{"href":"https:\/\/dezillie.com\/fr\/wp-json\/wp\/v2\/types\/page"}],"author":[{"embeddable":true,"href":"https:\/\/dezillie.com\/fr\/wp-json\/wp\/v2\/users\/1"}],"replies":[{"embeddable":true,"href":"https:\/\/dezillie.com\/fr\/wp-json\/wp\/v2\/comments?post=469"}],"version-history":[{"count":4,"href":"https:\/\/dezillie.com\/fr\/wp-json\/wp\/v2\/pages\/469\/revisions"}],"predecessor-version":[{"id":549,"href":"https:\/\/dezillie.com\/fr\/wp-json\/wp\/v2\/pages\/469\/revisions\/549"}],"wp:attachment":[{"href":"https:\/\/dezillie.com\/fr\/wp-json\/wp\/v2\/media?parent=469"}],"curies":[{"name":"wp","href":"https:\/\/api.w.org\/{rel}","templated":true}]}}