{"id":473,"date":"2024-04-29T12:14:08","date_gmt":"2024-04-29T12:14:08","guid":{"rendered":"https:\/\/webwinkel.dezillie.com\/encens-charbon-de-bois\/"},"modified":"2025-12-05T17:24:02","modified_gmt":"2025-12-05T17:24:02","slug":"encens-charbon-de-bois","status":"publish","type":"page","link":"https:\/\/dezillie.com\/fr\/encens-charbon-de-bois\/","title":{"rendered":"Encens, Br\u00e2ise et vin de messe"},"content":{"rendered":"<p>[et_pb_section fb_built=\u00a0\u00bb1&Prime; _builder_version=\u00a0\u00bb4.27.4&Prime; _module_preset=\u00a0\u00bbdefault\u00a0\u00bb global_colors_info=\u00a0\u00bb{}\u00a0\u00bb][et_pb_row _builder_version=\u00a0\u00bb4.27.4&Prime; _module_preset=\u00a0\u00bbdefault\u00a0\u00bb border_radii=\u00a0\u00bbon|7px|7px|7px|7px\u00a0\u00bb box_shadow_style=\u00a0\u00bbpreset4&Prime; global_colors_info=\u00a0\u00bb{}\u00a0\u00bb][et_pb_column type=\u00a0\u00bb4_4&Prime; _builder_version=\u00a0\u00bb4.27.4&Prime; _module_preset=\u00a0\u00bbdefault\u00a0\u00bb global_colors_info=\u00a0\u00bb{}\u00a0\u00bb][et_pb_text _builder_version=\u00a0\u00bb4.27.4&Prime; _module_preset=\u00a0\u00bbdefault\u00a0\u00bb text_font=\u00a0\u00bbArial|||on|||||\u00a0\u00bb text_text_color=\u00a0\u00bb#000000&Prime; text_font_size=\u00a0\u00bb53px\u00a0\u00bb hover_enabled=\u00a0\u00bb0&Prime; text_text_shadow_style=\u00a0\u00bbpreset2&Prime; global_colors_info=\u00a0\u00bb{}\u00a0\u00bb sticky_enabled=\u00a0\u00bb0&Prime;]<\/p>\n<p><strong>ENCENS, BRAISE ET VIN DE MESSE<\/strong><strong><\/strong><\/p>\n<p><strong><\/strong><\/p>\n<p>[\/et_pb_text][\/et_pb_column][\/et_pb_row][et_pb_row _builder_version=\u00a0\u00bb4.27.4&Prime; _module_preset=\u00a0\u00bbdefault\u00a0\u00bb global_colors_info=\u00a0\u00bb{}\u00a0\u00bb][et_pb_column type=\u00a0\u00bb4_4&Prime; _builder_version=\u00a0\u00bb4.27.4&Prime; _module_preset=\u00a0\u00bbdefault\u00a0\u00bb global_colors_info=\u00a0\u00bb{}\u00a0\u00bb][\/et_pb_column][\/et_pb_row][et_pb_row column_structure=\u00a0\u00bb1_2,1_2&Prime; _builder_version=\u00a0\u00bb4.27.4&Prime; _module_preset=\u00a0\u00bbdefault\u00a0\u00bb global_colors_info=\u00a0\u00bb{}\u00a0\u00bb][et_pb_column type=\u00a0\u00bb1_2&Prime; _builder_version=\u00a0\u00bb4.27.4&Prime; _module_preset=\u00a0\u00bbdefault\u00a0\u00bb global_colors_info=\u00a0\u00bb{}\u00a0\u00bb][et_pb_image src=\u00a0\u00bbdata:image\/svg+xml;base64,PHN2ZyB3aWR0aD0iMTA4MCIgaGVpZ2h0PSI1NDAiIHZpZXdCb3g9IjAgMCAxMDgwIDU0MCIgeG1sbnM9Imh0dHA6Ly93d3cudzMub3JnLzIwMDAvc3ZnIj4KICAgIDxnIGZpbGw9Im5vbmUiIGZpbGwtcnVsZT0iZXZlbm9kZCI+CiAgICAgICAgPHBhdGggZmlsbD0iI0VCRUJFQiIgZD0iTTAgMGgxMDgwdjU0MEgweiIvPgogICAgICAgIDxwYXRoIGQ9Ik00NDUuNjQ5IDU0MGgtOTguOTk1TDE0NC42NDkgMzM3Ljk5NSAwIDQ4Mi42NDR2LTk4Ljk5NWwxMTYuMzY1LTExNi4zNjVjMTUuNjItMTUuNjIgNDAuOTQ3LTE1LjYyIDU2LjU2OCAwTDQ0NS42NSA1NDB6IiBmaWxsLW9wYWNpdHk9Ii4xIiBmaWxsPSIjMDAwIiBmaWxsLXJ1bGU9Im5vbnplcm8iLz4KICAgICAgICA8Y2lyY2xlIGZpbGwtb3BhY2l0eT0iLjA1IiBmaWxsPSIjMDAwIiBjeD0iMzMxIiBjeT0iMTQ4IiByPSI3MCIvPgogICAgICAgIDxwYXRoIGQ9Ik0xMDgwIDM3OXYxMTMuMTM3TDcyOC4xNjIgMTQwLjMgMzI4LjQ2MiA1NDBIMjE1LjMyNEw2OTkuODc4IDU1LjQ0NmMxNS42Mi0xNS42MiA0MC45NDgtMTUuNjIgNTYuNTY4IDBMMTA4MCAzNzl6IiBmaWxsLW9wYWNpdHk9Ii4yIiBmaWxsPSIjMDAwIiBmaWxsLXJ1bGU9Im5vbnplcm8iLz4KICAgIDwvZz4KPC9zdmc+Cg==\u00a0\u00bb _builder_version=\u00a0\u00bb4.27.4&Prime; _module_preset=\u00a0\u00bbdefault\u00a0\u00bb global_colors_info=\u00a0\u00bb{}\u00a0\u00bb][\/et_pb_image][\/et_pb_column][et_pb_column type=\u00a0\u00bb1_2&Prime; _builder_version=\u00a0\u00bb4.27.4&Prime; _module_preset=\u00a0\u00bbdefault\u00a0\u00bb global_colors_info=\u00a0\u00bb{}\u00a0\u00bb][et_pb_text _builder_version=\u00a0\u00bb4.27.4&Prime; _module_preset=\u00a0\u00bbdefault\u00a0\u00bb global_colors_info=\u00a0\u00bb{}\u00a0\u00bb]<\/p>\n<h2><strong>Les types suivants sont disponibles dans notre assortiment<\/strong><\/h2>\n<h4><strong>Aden &#8211; Basilica &#8211; Benzo\u00eb Siam &#8211; Benzo\u00eb Sumatra &#8211; Casper &#8211; Cathedral &#8211; Copal &#8211; Eritrea &#8211; Gloria &#8211; Myrrhe &#8211; Melchior &#8211; Farao &#8211; Petrus &#8211; Pontifical &#8211; Styrax<\/strong><\/h4>\n<p><strong>D&rsquo;autres types que nous n&rsquo;avons pas en stock peuvent toujours \u00eatre command\u00e9s chez nous.<\/strong><\/p>\n<p>[\/et_pb_text][\/et_pb_column][\/et_pb_row][et_pb_row column_structure=\u00a0\u00bb1_2,1_2&Prime; _builder_version=\u00a0\u00bb4.27.4&Prime; _module_preset=\u00a0\u00bbdefault\u00a0\u00bb global_colors_info=\u00a0\u00bb{}\u00a0\u00bb][et_pb_column type=\u00a0\u00bb1_2&Prime; _builder_version=\u00a0\u00bb4.27.4&Prime; _module_preset=\u00a0\u00bbdefault\u00a0\u00bb global_colors_info=\u00a0\u00bb{}\u00a0\u00bb][et_pb_image src=\u00a0\u00bbdata:image\/svg+xml;base64,PHN2ZyB3aWR0aD0iMTA4MCIgaGVpZ2h0PSI1NDAiIHZpZXdCb3g9IjAgMCAxMDgwIDU0MCIgeG1sbnM9Imh0dHA6Ly93d3cudzMub3JnLzIwMDAvc3ZnIj4KICAgIDxnIGZpbGw9Im5vbmUiIGZpbGwtcnVsZT0iZXZlbm9kZCI+CiAgICAgICAgPHBhdGggZmlsbD0iI0VCRUJFQiIgZD0iTTAgMGgxMDgwdjU0MEgweiIvPgogICAgICAgIDxwYXRoIGQ9Ik00NDUuNjQ5IDU0MGgtOTguOTk1TDE0NC42NDkgMzM3Ljk5NSAwIDQ4Mi42NDR2LTk4Ljk5NWwxMTYuMzY1LTExNi4zNjVjMTUuNjItMTUuNjIgNDAuOTQ3LTE1LjYyIDU2LjU2OCAwTDQ0NS42NSA1NDB6IiBmaWxsLW9wYWNpdHk9Ii4xIiBmaWxsPSIjMDAwIiBmaWxsLXJ1bGU9Im5vbnplcm8iLz4KICAgICAgICA8Y2lyY2xlIGZpbGwtb3BhY2l0eT0iLjA1IiBmaWxsPSIjMDAwIiBjeD0iMzMxIiBjeT0iMTQ4IiByPSI3MCIvPgogICAgICAgIDxwYXRoIGQ9Ik0xMDgwIDM3OXYxMTMuMTM3TDcyOC4xNjIgMTQwLjMgMzI4LjQ2MiA1NDBIMjE1LjMyNEw2OTkuODc4IDU1LjQ0NmMxNS42Mi0xNS42MiA0MC45NDgtMTUuNjIgNTYuNTY4IDBMMTA4MCAzNzl6IiBmaWxsLW9wYWNpdHk9Ii4yIiBmaWxsPSIjMDAwIiBmaWxsLXJ1bGU9Im5vbnplcm8iLz4KICAgIDwvZz4KPC9zdmc+Cg==\u00a0\u00bb _builder_version=\u00a0\u00bb4.27.4&Prime; _module_preset=\u00a0\u00bbdefault\u00a0\u00bb global_colors_info=\u00a0\u00bb{}\u00a0\u00bb][\/et_pb_image][\/et_pb_column][et_pb_column type=\u00a0\u00bb1_2&Prime; _builder_version=\u00a0\u00bb4.27.4&Prime; _module_preset=\u00a0\u00bbdefault\u00a0\u00bb global_colors_info=\u00a0\u00bb{}\u00a0\u00bb][et_pb_text _builder_version=\u00a0\u00bb4.27.4&Prime; _module_preset=\u00a0\u00bbdefault\u00a0\u00bb global_colors_info=\u00a0\u00bb{}\u00a0\u00bb]<\/p>\n<h1><strong>Br\u00e2ise allumage instant\u00e9<\/strong><\/h1>\n<h4><strong>Mod\u00e8le 1<\/strong><\/h4>\n<h4><strong>Diam\u00e8tre : 33 mm<\/strong><\/h4>\n<h4><strong>Dur\u00e9e de combustion : 45 min<\/strong><\/h4>\n<h4><strong>Quantit\u00e9\/bo\u00eete : 100 charbons<\/strong><\/h4>\n<p><strong><\/strong><\/p>\n<p><strong><\/strong><\/p>\n<h4><strong>Mod\u00e8le 2<\/strong><\/h4>\n<h4><strong>Diam\u00e8tre : 40 mm<\/strong><\/h4>\n<h4><strong>Dur\u00e9e de combustion : 1h 30<\/strong><\/h4>\n<h4><\/h4>\n<p><strong>Tout comme notre encens, le charbon de bois est de la marque Trois Rois, ce qui garantit une bonne qualit\u00e9.<\/strong><\/p>\n<h4><strong><\/strong><\/h4>\n<p>[\/et_pb_text][\/et_pb_column][\/et_pb_row][et_pb_row column_structure=\u00a0\u00bb1_2,1_2&Prime; _builder_version=\u00a0\u00bb4.27.4&Prime; _module_preset=\u00a0\u00bbdefault\u00a0\u00bb global_colors_info=\u00a0\u00bb{}\u00a0\u00bb][et_pb_column type=\u00a0\u00bb1_2&Prime; _builder_version=\u00a0\u00bb4.27.4&Prime; _module_preset=\u00a0\u00bbdefault\u00a0\u00bb global_colors_info=\u00a0\u00bb{}\u00a0\u00bb][et_pb_image src=\u00a0\u00bbdata:image\/svg+xml;base64,PHN2ZyB3aWR0aD0iMTA4MCIgaGVpZ2h0PSI1NDAiIHZpZXdCb3g9IjAgMCAxMDgwIDU0MCIgeG1sbnM9Imh0dHA6Ly93d3cudzMub3JnLzIwMDAvc3ZnIj4KICAgIDxnIGZpbGw9Im5vbmUiIGZpbGwtcnVsZT0iZXZlbm9kZCI+CiAgICAgICAgPHBhdGggZmlsbD0iI0VCRUJFQiIgZD0iTTAgMGgxMDgwdjU0MEgweiIvPgogICAgICAgIDxwYXRoIGQ9Ik00NDUuNjQ5IDU0MGgtOTguOTk1TDE0NC42NDkgMzM3Ljk5NSAwIDQ4Mi42NDR2LTk4Ljk5NWwxMTYuMzY1LTExNi4zNjVjMTUuNjItMTUuNjIgNDAuOTQ3LTE1LjYyIDU2LjU2OCAwTDQ0NS42NSA1NDB6IiBmaWxsLW9wYWNpdHk9Ii4xIiBmaWxsPSIjMDAwIiBmaWxsLXJ1bGU9Im5vbnplcm8iLz4KICAgICAgICA8Y2lyY2xlIGZpbGwtb3BhY2l0eT0iLjA1IiBmaWxsPSIjMDAwIiBjeD0iMzMxIiBjeT0iMTQ4IiByPSI3MCIvPgogICAgICAgIDxwYXRoIGQ9Ik0xMDgwIDM3OXYxMTMuMTM3TDcyOC4xNjIgMTQwLjMgMzI4LjQ2MiA1NDBIMjE1LjMyNEw2OTkuODc4IDU1LjQ0NmMxNS42Mi0xNS42MiA0MC45NDgtMTUuNjIgNTYuNTY4IDBMMTA4MCAzNzl6IiBmaWxsLW9wYWNpdHk9Ii4yIiBmaWxsPSIjMDAwIiBmaWxsLXJ1bGU9Im5vbnplcm8iLz4KICAgIDwvZz4KPC9zdmc+Cg==\u00a0\u00bb _builder_version=\u00a0\u00bb4.27.4&Prime; _module_preset=\u00a0\u00bbdefault\u00a0\u00bb global_colors_info=\u00a0\u00bb{}\u00a0\u00bb][\/et_pb_image][\/et_pb_column][et_pb_column type=\u00a0\u00bb1_2&Prime; _builder_version=\u00a0\u00bb4.27.4&Prime; _module_preset=\u00a0\u00bbdefault\u00a0\u00bb global_colors_info=\u00a0\u00bb{}\u00a0\u00bb][et_pb_text _builder_version=\u00a0\u00bb4.27.4&Prime; _module_preset=\u00a0\u00bbdefault\u00a0\u00bb global_colors_info=\u00a0\u00bb{}\u00a0\u00bb]<\/p>\n<h1><strong>Vin de messe<\/strong><\/h1>\n<h4><strong>Origine : La mission catholique de Valencia<\/strong><\/h4>\n<h4><strong>Teneur en alcool : 15 %<\/strong><\/h4>\n<h4><strong>Contenu : 75 cl<\/strong><\/h4>\n<p><strong><\/strong><\/p>\n<h4><strong>L&rsquo;authenticit\u00e9 et la puret\u00e9 sont garanties par un certificat de l&rsquo;autorit\u00e9 eccl\u00e9siastique.<\/strong><\/h4>\n<p>[\/et_pb_text][\/et_pb_column][\/et_pb_row][\/et_pb_section]<\/p>\n","protected":false},"excerpt":{"rendered":"<p>ENCENS, BRAISE ET VIN DE MESSE Les types suivants sont disponibles dans notre assortiment Aden &#8211; Basilica &#8211; Benzo\u00eb Siam &#8211; Benzo\u00eb Sumatra &#8211; Casper &#8211; Cathedral &#8211; Copal &#8211; Eritrea &#8211; Gloria &#8211; Myrrhe &#8211; Melchior &#8211; Farao &#8211; Petrus &#8211; Pontifical &#8211; Styrax D&rsquo;autres types que nous n&rsquo;avons pas en stock peuvent toujours [&hellip;]<\/p>\n","protected":false},"author":1,"featured_media":0,"parent":0,"menu_order":0,"comment_status":"closed","ping_status":"closed","template":"","meta":{"_et_pb_use_builder":"on","_et_pb_old_content":"","_et_gb_content_width":"","footnotes":""},"class_list":["post-473","page","type-page","status-publish","hentry"],"yoast_head":"<!-- This site is optimized with the Yoast SEO plugin v26.6 - https:\/\/yoast.com\/wordpress\/plugins\/seo\/ -->\n<title>Encens, Br\u00e2ise et vin de messe - Dezillie<\/title>\n<meta name=\"description\" content=\"D\u00e9couvrez de l&#039;encens de qualit\u00e9, du br\u00e2ise allumage instantan\u00e9 et du vin de messe authentique. Parfait pour la liturgie, la pri\u00e8re et les rituels eccl\u00e9siastiques. Commandez facilement en ligne.\" \/>\n<meta name=\"robots\" content=\"index, follow, max-snippet:-1, max-image-preview:large, max-video-preview:-1\" \/>\n<link rel=\"canonical\" href=\"https:\/\/dezillie.com\/encens-charbon-de-bois\/?lang=fr\" \/>\n<meta property=\"og:locale\" content=\"fr_FR\" \/>\n<meta property=\"og:type\" content=\"article\" \/>\n<meta property=\"og:title\" content=\"Encens, Br\u00e2ise et vin de messe - Dezillie\" \/>\n<meta property=\"og:description\" content=\"D\u00e9couvrez de l&#039;encens de qualit\u00e9, du br\u00e2ise allumage instantan\u00e9 et du vin de messe authentique. Parfait pour la liturgie, la pri\u00e8re et les rituels eccl\u00e9siastiques. Commandez facilement en ligne.\" \/>\n<meta property=\"og:url\" content=\"https:\/\/dezillie.com\/encens-charbon-de-bois\/?lang=fr\" \/>\n<meta property=\"og:site_name\" content=\"Dezillie\" \/>\n<meta property=\"article:modified_time\" content=\"2025-12-05T17:24:02+00:00\" \/>\n<meta name=\"twitter:card\" content=\"summary_large_image\" \/>\n<meta name=\"twitter:label1\" content=\"Dur\u00e9e de lecture estim\u00e9e\" \/>\n\t<meta name=\"twitter:data1\" content=\"4 minutes\" \/>\n<script type=\"application\/ld+json\" class=\"yoast-schema-graph\">{\"@context\":\"https:\/\/schema.org\",\"@graph\":[{\"@type\":\"WebPage\",\"@id\":\"https:\/\/dezillie.com\/encens-charbon-de-bois\/?lang=fr\",\"url\":\"https:\/\/dezillie.com\/encens-charbon-de-bois\/?lang=fr\",\"name\":\"Encens, Br\u00e2ise et vin de messe - Dezillie\",\"isPartOf\":{\"@id\":\"https:\/\/dezillie.com\/#website\"},\"datePublished\":\"2024-04-29T12:14:08+00:00\",\"dateModified\":\"2025-12-05T17:24:02+00:00\",\"description\":\"D\u00e9couvrez de l'encens de qualit\u00e9, du br\u00e2ise allumage instantan\u00e9 et du vin de messe authentique. Parfait pour la liturgie, la pri\u00e8re et les rituels eccl\u00e9siastiques. Commandez facilement en ligne.\",\"breadcrumb\":{\"@id\":\"https:\/\/dezillie.com\/encens-charbon-de-bois\/?lang=fr#breadcrumb\"},\"inLanguage\":\"fr-FR\",\"potentialAction\":[{\"@type\":\"ReadAction\",\"target\":[\"https:\/\/dezillie.com\/encens-charbon-de-bois\/?lang=fr\"]}]},{\"@type\":\"BreadcrumbList\",\"@id\":\"https:\/\/dezillie.com\/encens-charbon-de-bois\/?lang=fr#breadcrumb\",\"itemListElement\":[{\"@type\":\"ListItem\",\"position\":1,\"name\":\"Home\",\"item\":\"https:\/\/dezillie.com\/\"},{\"@type\":\"ListItem\",\"position\":2,\"name\":\"Encens, Br\u00e2ise et vin de messe\"}]},{\"@type\":\"WebSite\",\"@id\":\"https:\/\/dezillie.com\/#website\",\"url\":\"https:\/\/dezillie.com\/\",\"name\":\"Kaarsen Dezillie\",\"description\":\"Kaarsenfabriek Lokeren\",\"publisher\":{\"@id\":\"https:\/\/dezillie.com\/#organization\"},\"potentialAction\":[{\"@type\":\"SearchAction\",\"target\":{\"@type\":\"EntryPoint\",\"urlTemplate\":\"https:\/\/dezillie.com\/?s={search_term_string}\"},\"query-input\":{\"@type\":\"PropertyValueSpecification\",\"valueRequired\":true,\"valueName\":\"search_term_string\"}}],\"inLanguage\":\"fr-FR\"},{\"@type\":\"Organization\",\"@id\":\"https:\/\/dezillie.com\/#organization\",\"name\":\"Kaarsen Dezillie\",\"url\":\"https:\/\/dezillie.com\/\",\"logo\":{\"@type\":\"ImageObject\",\"inLanguage\":\"fr-FR\",\"@id\":\"https:\/\/dezillie.com\/#\/schema\/logo\/image\/\",\"url\":\"https:\/\/dezillie.com\/wp-content\/uploads\/2024\/04\/dezillielogo6_406_121.png\",\"contentUrl\":\"https:\/\/dezillie.com\/wp-content\/uploads\/2024\/04\/dezillielogo6_406_121.png\",\"width\":406,\"height\":121,\"caption\":\"Kaarsen Dezillie\"},\"image\":{\"@id\":\"https:\/\/dezillie.com\/#\/schema\/logo\/image\/\"}}]}<\/script>\n<!-- \/ Yoast SEO plugin. -->","yoast_head_json":{"title":"Encens, Br\u00e2ise et vin de messe - Dezillie","description":"D\u00e9couvrez de l'encens de qualit\u00e9, du br\u00e2ise allumage instantan\u00e9 et du vin de messe authentique. Parfait pour la liturgie, la pri\u00e8re et les rituels eccl\u00e9siastiques. Commandez facilement en ligne.","robots":{"index":"index","follow":"follow","max-snippet":"max-snippet:-1","max-image-preview":"max-image-preview:large","max-video-preview":"max-video-preview:-1"},"canonical":"https:\/\/dezillie.com\/encens-charbon-de-bois\/?lang=fr","og_locale":"fr_FR","og_type":"article","og_title":"Encens, Br\u00e2ise et vin de messe - Dezillie","og_description":"D\u00e9couvrez de l'encens de qualit\u00e9, du br\u00e2ise allumage instantan\u00e9 et du vin de messe authentique. Parfait pour la liturgie, la pri\u00e8re et les rituels eccl\u00e9siastiques. Commandez facilement en ligne.","og_url":"https:\/\/dezillie.com\/encens-charbon-de-bois\/?lang=fr","og_site_name":"Dezillie","article_modified_time":"2025-12-05T17:24:02+00:00","twitter_card":"summary_large_image","twitter_misc":{"Dur\u00e9e de lecture estim\u00e9e":"4 minutes"},"schema":{"@context":"https:\/\/schema.org","@graph":[{"@type":"WebPage","@id":"https:\/\/dezillie.com\/encens-charbon-de-bois\/?lang=fr","url":"https:\/\/dezillie.com\/encens-charbon-de-bois\/?lang=fr","name":"Encens, Br\u00e2ise et vin de messe - Dezillie","isPartOf":{"@id":"https:\/\/dezillie.com\/#website"},"datePublished":"2024-04-29T12:14:08+00:00","dateModified":"2025-12-05T17:24:02+00:00","description":"D\u00e9couvrez de l'encens de qualit\u00e9, du br\u00e2ise allumage instantan\u00e9 et du vin de messe authentique. Parfait pour la liturgie, la pri\u00e8re et les rituels eccl\u00e9siastiques. Commandez facilement en ligne.","breadcrumb":{"@id":"https:\/\/dezillie.com\/encens-charbon-de-bois\/?lang=fr#breadcrumb"},"inLanguage":"fr-FR","potentialAction":[{"@type":"ReadAction","target":["https:\/\/dezillie.com\/encens-charbon-de-bois\/?lang=fr"]}]},{"@type":"BreadcrumbList","@id":"https:\/\/dezillie.com\/encens-charbon-de-bois\/?lang=fr#breadcrumb","itemListElement":[{"@type":"ListItem","position":1,"name":"Home","item":"https:\/\/dezillie.com\/"},{"@type":"ListItem","position":2,"name":"Encens, Br\u00e2ise et vin de messe"}]},{"@type":"WebSite","@id":"https:\/\/dezillie.com\/#website","url":"https:\/\/dezillie.com\/","name":"Kaarsen Dezillie","description":"Kaarsenfabriek Lokeren","publisher":{"@id":"https:\/\/dezillie.com\/#organization"},"potentialAction":[{"@type":"SearchAction","target":{"@type":"EntryPoint","urlTemplate":"https:\/\/dezillie.com\/?s={search_term_string}"},"query-input":{"@type":"PropertyValueSpecification","valueRequired":true,"valueName":"search_term_string"}}],"inLanguage":"fr-FR"},{"@type":"Organization","@id":"https:\/\/dezillie.com\/#organization","name":"Kaarsen Dezillie","url":"https:\/\/dezillie.com\/","logo":{"@type":"ImageObject","inLanguage":"fr-FR","@id":"https:\/\/dezillie.com\/#\/schema\/logo\/image\/","url":"https:\/\/dezillie.com\/wp-content\/uploads\/2024\/04\/dezillielogo6_406_121.png","contentUrl":"https:\/\/dezillie.com\/wp-content\/uploads\/2024\/04\/dezillielogo6_406_121.png","width":406,"height":121,"caption":"Kaarsen Dezillie"},"image":{"@id":"https:\/\/dezillie.com\/#\/schema\/logo\/image\/"}}]}},"_links":{"self":[{"href":"https:\/\/dezillie.com\/fr\/wp-json\/wp\/v2\/pages\/473","targetHints":{"allow":["GET"]}}],"collection":[{"href":"https:\/\/dezillie.com\/fr\/wp-json\/wp\/v2\/pages"}],"about":[{"href":"https:\/\/dezillie.com\/fr\/wp-json\/wp\/v2\/types\/page"}],"author":[{"embeddable":true,"href":"https:\/\/dezillie.com\/fr\/wp-json\/wp\/v2\/users\/1"}],"replies":[{"embeddable":true,"href":"https:\/\/dezillie.com\/fr\/wp-json\/wp\/v2\/comments?post=473"}],"version-history":[{"count":9,"href":"https:\/\/dezillie.com\/fr\/wp-json\/wp\/v2\/pages\/473\/revisions"}],"predecessor-version":[{"id":554,"href":"https:\/\/dezillie.com\/fr\/wp-json\/wp\/v2\/pages\/473\/revisions\/554"}],"wp:attachment":[{"href":"https:\/\/dezillie.com\/fr\/wp-json\/wp\/v2\/media?parent=473"}],"curies":[{"name":"wp","href":"https:\/\/api.w.org\/{rel}","templated":true}]}}